{"id":1184,"date":"2019-05-22T16:06:15","date_gmt":"2019-05-22T14:06:15","guid":{"rendered":"https:\/\/www.yreduktor.eu\/?page_id=1184"},"modified":"2019-06-25T13:35:41","modified_gmt":"2019-06-25T11:35:41","slug":"podstawowe-wlasciwosci","status":"publish","type":"page","link":"https:\/\/yreduktor.eu\/index.php\/pl\/yilmaz-reduktor-pl\/podstawowe-wlasciwosci\/","title":{"rendered":"Podstawowe w\u0142a\u015bciwo\u015bci"},"content":{"rendered":"<div  data-label=\"H1\" data-id=\"cta--1\" data-export-id=\"cta-centered-bg-section\" data-category=\"cta\" data-section-ov=\"1\" class=\"cta-centered-bg-section content-section content-section-spacing-medium white-text\" data-parallax-depth=\"20\" id=\"h1\" style=\"background-color: rgb(255, 255, 255); background-image: none;\"><div  class=\"gridContainer\"> <div  class=\"row text-center\"><div  data-type=\"column\" class=\"\"><h1  class=\"\"><span  style=\"color: rgb(73, 73, 73);\">Podstawowe w\u0142a\u015bciwo\u015bci<\/span><\/h1>  <\/div> <\/div><\/div> <\/div><div  data-label=\"linka\" data-id=\"overlappable--1\" data-export-id=\"overlappable-6\" data-category=\"overlappable\" class=\"overlappable-6 content-section content-section-spacing\" data-overlap=\"true\" id=\"linka\" style=\"background-color: rgb(255, 255, 255);\"><div  class=\"\"> <div  data-type=\"row\" class=\"row shadow-medium\"><div  class=\"col-xs-12 col-sm-4 col-padding-small col-padding-small-xs white-text col-md-3 bg-color1\"> <div  class=\"row middle-xs\"><div  class=\"col-xs-12 col-sm-fit space-bottom-small-xs\"> <i  class=\"fa icon fa-cloud bordered round color6\"><\/i><\/div> <div  data-type=\"column\" class=\"col-xs-12 col-sm\"><h4  class=\"\">DLA R\u00d3\u017bNYCH \u015aRODOWISK<\/h4> <p  class=\"font-300\">\u2013 czas pracy 8 godzin dziennie<br >\r\n\u2013 zdolne do eksploatacji w wilgotnym \u015brodowisku i w otoczeniu z nadmiarem kurzu<\/p><\/div> <\/div><\/div> <div  class=\"col-xs-12 col-sm-4 col-padding-small col-padding-small-xs white-text col-md-3 bg-color1\"><div  class=\"row middle-xs\"> <div  class=\"col-xs-12 col-sm-fit space-bottom-small-xs\"><i  class=\"fa icon fa-file-text-o bordered round color6\"><\/i><\/div> <div  data-type=\"column\" class=\"col-xs-12 col-sm\"><h4  class=\"\">STANDARDY<\/h4> <p  class=\"font-300\">\u2013 konstrukcje i w\u0142a\u015bciwo\u015bci zgodne z normami ISO 281, ISO 6336 oraz DIN 743<\/p><\/div> <\/div><\/div> <div  class=\"col-xs-12 col-sm-4 col-padding-small col-padding-small-xs white-text col-md-3 bg-color1\"><div  class=\"row middle-xs\"> <div  class=\"col-xs-12 col-sm-fit space-bottom-small-xs\"><i  class=\"fa icon fa-eye bordered round color6\"><\/i><\/div> <div  data-type=\"column\" class=\"col-xs-12 col-sm\"><h4  class=\"\">BEZPIECZE\u0143STWO<\/h4> <p  class=\"font-300\">\u2013 nacisk na trwa\u0142o\u015b\u0107 \u0142o\u017cysk<br >\r\n\u2013 test i analiza obci\u0105\u017cenia obud\u00f3w skrzyni bieg\u00f3w<\/p><\/div> <\/div><\/div> <div  class=\"col-xs-12 col-sm-4 col-padding-small col-padding-small-xs white-text col-md-3 bg-color1\"> <div  class=\"row middle-xs\"><div  class=\"col-xs-12 col-sm-fit space-bottom-small-xs\"> <i  class=\"fa icon fa-money bordered round color6\"><\/i><\/div> <div  data-type=\"column\" class=\"col-xs-12 col-sm\"><h4  class=\"\">WARTO\u015a\u0106 DODANA<\/h4> <p  class=\"font-300\">\u2013 minimalny moment obrotowy u wszystkich konfiguracji<br >\r\n\u2013 d\u0142uga trwa\u0142o\u015b\u0107<\/p><\/div> <\/div><\/div><\/div><\/div> <\/div><div  data-label=\"vlastnosti\" data-id=\"features--1\" data-export-id=\"features-16\" data-category=\"features\" class=\"features-16 content-section content-section-spacing\" id=\"vlastnosti\" style=\"background-color: rgb(255, 255, 255); background-image: none;\"><div  class=\"gridContainer\">  <div  class=\"row spaced-cols\" data-type=\"row\"> <div  class=\"col-xs-12 col-sm-6 space-bottom col-md-4 \">  <div  data-type=\"column\" class=\"col-padding-small col-padding-small-xs description-container\"> <h4  class=\"font-500\"><span  style=\"font-weight: 600; color: rgb(230, 35, 131);\">1. kontrukcja monolityczna<\/span><\/h4> <p  class=\"\">Unikalna konstrukcja zapewnia niski poziom ha\u0142asu, minimalny wyciek oleju i wy\u017csz\u0105 trwa\u0142o\u015b\u0107 oraz precyzyjno\u015b\u0107 ca\u0142ej skrzyni bieg\u00f3w.<\/p> <\/div> <\/div>  <div  class=\"col-xs-12 col-sm-6 space-bottom col-md-4 \">  <div  data-type=\"column\" class=\"col-padding-small col-padding-small-xs description-container\"> <h4  class=\"font-500\"><span  style=\"font-weight: 600; color: rgb(230, 35, 131);\">2. precyzyjno\u015b\u0107 opracowania<\/span><\/h4> <p  class=\"\">Wszystkie osie zosta\u0142y opracowane na identycznej podstawie, co gwarantuje wysok\u0105 precyzyjno\u015b\u0107 ca\u0142ej skrzyni bieg\u00f3w.<\/p> <\/div> <\/div><div  class=\"col-xs-12 col-sm-6 space-bottom col-md-4 \">  <div  data-type=\"column\" class=\"col-padding-small col-padding-small-xs description-container\"> <h4  class=\"font-500\"><span  id=\"_mce_caret\" data-mce-bogus=\"1\" data-mce-type=\"format-caret\"><span  style=\"color: rgb(230, 35, 131); font-weight: 600;\">3. wy\u017csza trwa\u0142o\u015b\u0107<\/span><\/span><\/h4> <p  class=\"\">Konstrukcja monolityczna umo\u017cliwia wi\u0119ksze obci\u0105\u017cenie, zapewnia te\u017c du\u017c\u0105 trwa\u0142o\u015b\u0107 \u0142o\u017cysk i samej skrzyni bieg\u00f3w.<\/p> <\/div> <\/div><div  class=\"col-xs-12 col-sm-6 space-bottom col-md-4 \">  <div  data-type=\"column\" class=\"col-padding-small col-padding-small-xs description-container\"> <h4  class=\"font-500\"><span  style=\"font-weight: 600; color: rgb(230, 35, 131);\">4. odlewana podstawa skrzyni bieg\u00f3w<\/span><\/h4> <p  class=\"\">Podstawa skrzyni bieg\u00f3w jest ca\u0142kowicie odlewana, zapewniaj\u0105c optymalne wsparcie \u0142o\u017cyskom stosowanych w trzystopniowych skrzyniach bieg\u00f3w.<\/p> <\/div> <\/div><div  class=\"col-xs-12 col-sm-6 space-bottom col-md-4\">  <div  data-type=\"column\" class=\"col-padding-small col-padding-small-xs description-container\"> <h4  class=\"font-500\"><span  style=\"font-weight: 600; color: rgb(230, 35, 131);\">5. dwustopniowe lub trzystopniowe<\/span><\/h4> <p  class=\"\">Wszystkie modele skrzy\u0144 bieg\u00f3w s\u0105 dwustopniowe lub trzystopniowe i mo\u017cna wybra\u0107 model z \u0142apami lub z ko\u0142nierzem.<\/p> <\/div> <\/div><\/div> <\/div><\/div><div  data-label=\"galerie\" data-id=\"gallery--1\" data-export-id=\"gallery-2\" data-category=\"gallery\" class=\"gallery-2 content-section content-section-spacing\" id=\"galerie\" style=\"background-color: rgb(245, 250, 253);\"><div  class=\"\"> <div  class=\"row\"><div  class=\"col-xs-12 full-no-padding\" data-editable=\"true\" data-content-shortcode=\"mesmerize_gallery id=&quot;mesmerize-gallery-2&quot; columns=&quot;3&quot; ids=&quot;1011,1012,1013&quot; lb=&quot;1&quot; masonry=&quot;0&quot; size=&quot;medium&quot; link=&quot;file&quot; \"><div id='mesmerize-gallery-2' class='gallery-wrapper'><style type=\"text\/css\">\n                    @media only screen and (min-width: 768px) {\n                    [data-unique-id='mesmerize-gallery-2-69f417d35566c'] dl {\n                        float: left;\n                        width: 33.333333333333% !important;\n                        max-width:  33.333333333333% !important;\n                        min-width:  33.333333333333% !important;\n                    }\n\n                    [data-unique-id='mesmerize-gallery-2-69f417d35566c'] dl:nth-of-type(3n +1 ) {\n                      clear: both;\n                      }\n                    }\n                <\/style><div id='mesmerize-gallery-2' class='mesmerize-gallery-2-dls-wrapper gallery-items-wrapper materialis-gallery' data-unique-id='mesmerize-gallery-2-69f417d35566c'><dl class='gallery-item'>\n\t\t\t<dt class='gallery-icon landscape'>\n\t\t\t\t<a data-fancybox=\"mesmerize-gallery-2-group\" href='https:\/\/yreduktor.eu\/wp-content\/uploads\/2019\/03\/konfigurator_kolaz.png'><img  width=\"300\" height=\"169\" src=\"https:\/\/yreduktor.eu\/wp-content\/uploads\/2019\/03\/konfigurator_kolaz.png\"  class='mesmerize-gallery-2-image' alt=\"\" decoding=\"async\" loading=\"lazy\" \/><\/a>\n\t\t\t<\/dt><\/dl><dl class='gallery-item'>\n\t\t\t<dt class='gallery-icon landscape'>\n\t\t\t\t<a data-fancybox=\"mesmerize-gallery-2-group\" href='https:\/\/yreduktor.eu\/wp-content\/uploads\/2019\/03\/gst_kolaz_2.png'><img  width=\"300\" height=\"169\" src=\"https:\/\/yreduktor.eu\/wp-content\/uploads\/2019\/03\/gst_kolaz_2.png\"  class='mesmerize-gallery-2-image' alt=\"\" decoding=\"async\" loading=\"lazy\" \/><\/a>\n\t\t\t<\/dt><\/dl><dl class='gallery-item'>\n\t\t\t<dt class='gallery-icon landscape'>\n\t\t\t\t<a data-fancybox=\"mesmerize-gallery-2-group\" href='https:\/\/yreduktor.eu\/wp-content\/uploads\/2019\/03\/katalog_back.png'><img  width=\"300\" height=\"169\" src=\"https:\/\/yreduktor.eu\/wp-content\/uploads\/2019\/03\/katalog_back.png\"  class='mesmerize-gallery-2-image' alt=\"\" decoding=\"async\" loading=\"lazy\" \/><\/a>\n\t\t\t<\/dt><\/dl>\n\t\t<\/div>\n<script>(function($){window.MaterialisCaptionsGallery && window.MaterialisCaptionsGallery($('[data-unique-id=\"mesmerize-gallery-2-69f417d35566c\"]'))})(jQuery)<\/script><\/div><\/div><\/div> <\/div><\/div><div  data-label=\"konfigurace\" data-id=\"features--2\" data-export-id=\"features-16\" data-category=\"features\" class=\"features-16 content-section content-section-spacing\" id=\"konfigurace\" style=\"background-color: rgb(255, 255, 255); background-image: none;\"><div  class=\"gridContainer\"> <div  class=\"row text-center\"><div  class=\"section-title-col\" data-type=\"column\"><h2  class=\"\">Szerokie mo\u017cliwo\u015bci konfiguracji<\/h2>  <\/div> <\/div> <div  class=\"row spaced-cols\" data-type=\"row\"> <div  class=\"col-xs-12 col-sm-6 space-bottom col-md-3 \">  <div  data-type=\"column\" class=\"col-padding-small col-padding-small-xs description-container\"> <h4  class=\"font-500\"><span  style=\"font-weight: 600; color: rgb(230, 35, 131);\">1. najnowocze\u015bniejsze technologie<\/span><\/h4> <p  class=\"\">Uz\u0119bienie, trwa\u0142o\u015b\u0107 \u0142o\u017cyska, si\u0142a wa\u0142u itd. zosta\u0142y obliczone za pomoc\u0105 profesjonalnych aplikacji softwarowych wed\u0142ug dyrektyw DIN i Niemann.<\/p> <\/div> <\/div> <div  class=\"col-xs-12 col-sm-6 space-bottom col-md-3 \">  <div  data-type=\"column\" class=\"col-padding-small col-padding-small-xs description-container\"> <h4  class=\"font-500\"><span  style=\"font-weight: 600; color: rgb(230, 35, 131);\">2. ni\u017csze wysoko\u015bci osi<\/span><\/h4> <p  class=\"\">Nowe skrzynie bieg\u00f3w maj\u0105 ni\u017csze wysoko\u015bci osi ni\u017c u starych modeli. Zarazem s\u0105  bardziej spoiste przy identycznej mocy i szybko\u015bci.<\/p> <\/div> <\/div> <div  class=\"col-xs-12 col-sm-6 space-bottom col-md-3 \">  <div  data-type=\"column\" class=\"col-padding-small col-padding-small-xs description-container\"> <h4  class=\"font-500\"><span  style=\"font-weight: 600; color: rgb(230, 35, 131);\">3. design modu\u0142owy<\/span><\/h4> <p  class=\"\">Wszystkie skrzynie bieg\u00f3w posiadaj\u0105 design modu\u0142owy, tak wi\u0119c mo\u017cna je zintegrowa\u0107 r\u00f3wnie\u017c z innymi produktami na rynku przy minimum wysi\u0142ku.<\/p> <\/div> <\/div><div  class=\"col-xs-12 col-sm-6 space-bottom col-md-3 \">  <div  data-type=\"column\" class=\"col-padding-small col-padding-small-xs description-container\"> <h4  class=\"font-500\"><span  style=\"font-weight: 600; color: rgb(230, 35, 131);\">4. dalsze mo\u017cliwo\u015bci<\/span><\/h4> <p  class=\"\">Nowa generacja skrzyni bieg\u00f3w Yilmaz Red\u00fckt\u00f6r umo\u017cliwia ca\u0142y szereg pod\u0142\u0105cze\u0144 i mo\u017cliwo\u015bci monta\u017cu.<\/p> <\/div> <\/div><\/div> <\/div><\/div><div  data-label=\"Counters\" data-id=\"counters--1\" data-export-id=\"counters-1\" data-category=\"counters\" class=\"counters-1 content-section content-section-spacing\" id=\"counters-1\" style=\"background-color: rgba(255, 255, 255, 0); background-size: cover; background-position: center top; background-image: url(&quot;http:\/\/www.yreduktor.eu\/wp-content\/uploads\/2019\/03\/6.jpg&quot;);\" data-section-ov=\"1\"><div  class=\"gridContainer\"> <div  class=\"row text-center\"><div  class=\"section-title-col\" data-type=\"column\"> <h2  class=\"\">Sprawno\u015b\u0107 skrzy\u0144 bieg\u00f3w<\/h2> <\/div> <\/div> <div  class=\"row spaced-cols\" data-type=\"row\" data-fixed=\"true\"> <div  class=\"col-xs-12 col-sm-4 space-bottom-small col-padding-xs\"><div  class=\"circle-counter color4\"> <svg  class=\"circle-svg\" viewBox=\"0 0 100 100\"><circle  r=\"48\" stroke-linecap=\"round\" cx=\"50\" cy=\"50\" fill=\"transparent\" stroke-dasharray=\"301.6\" stroke-dashoffset=\"301.6px\"><\/circle> <circle  class=\"circle-bar\" r=\"48\" stroke-linecap=\"round\" cx=\"50\" cy=\"50\" fill=\"transparent\" stroke-dasharray=\"301.6\" stroke-dashoffset=\"301.6px\" style=\"stroke-dashoffset: 150.796px;\"><\/circle><\/svg> <div  class=\"circle-content\"><h2  class=\"font-100\" data-min=\"0\" data-max=\"100\" data-stop=\"50\" data-prefix=\"\" data-suffix=\"%\" data-countup=\"true\" data-duration=\"2000\"><\/h2> <p ><span  style=\"color: rgb(230, 35, 131);\">\u015blimakowe<\/span><br ><span  style=\"color: rgb(230, 35, 131);\">\r\n50 \u2013 90 %<\/span><\/p><\/div> <\/div><\/div><div  class=\"col-xs-12 col-sm-4 space-bottom-small col-padding-xs\"><div  class=\"circle-counter color2\"> <svg  class=\"circle-svg\" viewBox=\"0 0 100 100\"><circle  r=\"48\" stroke-linecap=\"round\" cx=\"50\" cy=\"50\" fill=\"transparent\" stroke-dasharray=\"301.6\" stroke-dashoffset=\"301.6px\"><\/circle> <circle  class=\"circle-bar\" r=\"48\" stroke-linecap=\"round\" cx=\"50\" cy=\"50\" fill=\"transparent\" stroke-dasharray=\"301.6\" stroke-dashoffset=\"301.6px\" style=\"stroke-dashoffset: 9.04779px;\"><\/circle><\/svg> <div  class=\"circle-content\"><h2  class=\"font-100\" data-min=\"0\" data-max=\"100\" data-stop=\"97\" data-prefix=\"\" data-suffix=\"%\" data-countup=\"true\" data-duration=\"2000\"><\/h2> <p ><span  style=\"color: rgb(230, 35, 131);\">sto\u017ckowe<\/span><\/p><\/div> <\/div><\/div><div  class=\"col-xs-12 col-sm-4 space-bottom-small col-padding-xs\"> <div  class=\"circle-counter color1\"> <svg  class=\"circle-svg\" viewBox=\"0 0 100 100\"> <circle  r=\"48\" stroke-linecap=\"round\" cx=\"50\" cy=\"50\" fill=\"transparent\" stroke-dasharray=\"301.6\" stroke-dashoffset=\"301.6px\"><\/circle> <circle  class=\"circle-bar\" r=\"48\" stroke-linecap=\"round\" cx=\"50\" cy=\"50\" fill=\"transparent\" stroke-dasharray=\"301.6\" stroke-dashoffset=\"301.6px\" style=\"stroke-dashoffset: 3.01593px;\"><\/circle><\/svg> <div  class=\"circle-content\"><h2  class=\"font-100\" data-min=\"0\" data-max=\"100\" data-stop=\"99\" data-prefix=\"\" data-suffix=\"%\" data-countup=\"true\" data-duration=\"2000\"><\/h2> <p ><span  style=\"color: rgb(230, 35, 131);\">przednie<\/span><\/p><\/div> <\/div><\/div>   <\/div><\/div> <\/div>","protected":false},"excerpt":{"rendered":"<p>Podstawowe w\u0142a\u015bciwo\u015bci DLA R\u00d3\u017bNYCH \u015aRODOWISK \u2013 czas pracy 8 godzin dziennie \u2013 zdolne do eksploatacji w wilgotnym \u015brodowisku i w otoczeniu z nadmiarem kurzu STANDARDY \u2013 konstrukcje i w\u0142a\u015bciwo\u015bci zgodne z normami ISO 281, ISO 6336 oraz DIN 743 BEZPIECZE\u0143STWO \u2013 nacisk na trwa\u0142o\u015b\u0107 \u0142o\u017cysk \u2013 test i analiza obci\u0105\u017cenia obud\u00f3w skrzyni bieg\u00f3w WARTO\u015a\u0106 DODANA&hellip; <br \/> <a class=\"read-more\" href=\"https:\/\/yreduktor.eu\/index.php\/pl\/yilmaz-reduktor-pl\/podstawowe-wlasciwosci\/\">Read more<\/a><\/p>\n","protected":false},"author":1,"featured_media":0,"parent":1161,"menu_order":4,"comment_status":"closed","ping_status":"closed","template":"pro\/page-templates\/page-with-small-header.php","meta":{"footnotes":""},"yoast_head":"<!-- This site is optimized with the Yoast SEO plugin v21.3 - https:\/\/yoast.com\/wordpress\/plugins\/seo\/ -->\n<title>Podstawowe w\u0142a\u015bciwo\u015bci - Yilmaz Red\u00fckt\u00f6r<\/title>\n<meta name=\"description\" content=\"Unikalna konstrukcja zapewnia niski poziom ha\u0142asu, minimalny wyciek oleju i wy\u017csz\u0105 trwa\u0142o\u015b\u0107 oraz precyzyjno\u015b\u0107 ca\u0142ej skrzyni bieg\u00f3w.\" \/>\n<meta name=\"robots\" content=\"index, follow, max-snippet:-1, max-image-preview:large, max-video-preview:-1\" \/>\n<link rel=\"canonical\" href=\"https:\/\/yreduktor.eu\/index.php\/pl\/yilmaz-reduktor-pl\/podstawowe-wlasciwosci\/\" \/>\n<meta property=\"og:locale\" content=\"cs_CZ\" \/>\n<meta property=\"og:type\" content=\"article\" \/>\n<meta property=\"og:title\" content=\"Podstawowe w\u0142a\u015bciwo\u015bci - Yilmaz Red\u00fckt\u00f6r\" \/>\n<meta property=\"og:description\" content=\"Unikalna konstrukcja zapewnia niski poziom ha\u0142asu, minimalny wyciek oleju i wy\u017csz\u0105 trwa\u0142o\u015b\u0107 oraz precyzyjno\u015b\u0107 ca\u0142ej skrzyni bieg\u00f3w.\" \/>\n<meta property=\"og:url\" content=\"https:\/\/yreduktor.eu\/index.php\/pl\/yilmaz-reduktor-pl\/podstawowe-wlasciwosci\/\" \/>\n<meta property=\"og:site_name\" content=\"Yilmaz Red\u00fckt\u00f6r\" \/>\n<meta property=\"article:modified_time\" content=\"2019-06-25T11:35:41+00:00\" \/>\n<meta property=\"og:image\" content=\"https:\/\/yreduktor.eu\/wp-content\/uploads\/2019\/03\/yilmaz_FB_cover-pic.jpg\" \/>\n\t<meta property=\"og:image:width\" content=\"1200\" \/>\n\t<meta property=\"og:image:height\" content=\"630\" \/>\n\t<meta property=\"og:image:type\" content=\"image\/jpeg\" \/>\n<meta name=\"twitter:card\" content=\"summary_large_image\" \/>\n<meta name=\"twitter:label1\" content=\"Odhadovan\u00e1 doba \u010dten\u00ed\" \/>\n\t<meta name=\"twitter:data1\" content=\"2 minuty\" \/>\n<script type=\"application\/ld+json\" class=\"yoast-schema-graph\">{\"@context\":\"https:\/\/schema.org\",\"@graph\":[{\"@type\":\"WebPage\",\"@id\":\"https:\/\/yreduktor.eu\/index.php\/pl\/yilmaz-reduktor-pl\/podstawowe-wlasciwosci\/\",\"url\":\"https:\/\/yreduktor.eu\/index.php\/pl\/yilmaz-reduktor-pl\/podstawowe-wlasciwosci\/\",\"name\":\"Podstawowe w\u0142a\u015bciwo\u015bci - Yilmaz Red\u00fckt\u00f6r\",\"isPartOf\":{\"@id\":\"https:\/\/yreduktor.eu\/#website\"},\"datePublished\":\"2019-05-22T14:06:15+00:00\",\"dateModified\":\"2019-06-25T11:35:41+00:00\",\"description\":\"Unikalna konstrukcja zapewnia niski poziom ha\u0142asu, minimalny wyciek oleju i wy\u017csz\u0105 trwa\u0142o\u015b\u0107 oraz precyzyjno\u015b\u0107 ca\u0142ej skrzyni bieg\u00f3w.\",\"breadcrumb\":{\"@id\":\"https:\/\/yreduktor.eu\/index.php\/pl\/yilmaz-reduktor-pl\/podstawowe-wlasciwosci\/#breadcrumb\"},\"inLanguage\":\"cs\",\"potentialAction\":[{\"@type\":\"ReadAction\",\"target\":[\"https:\/\/yreduktor.eu\/index.php\/pl\/yilmaz-reduktor-pl\/podstawowe-wlasciwosci\/\"]}]},{\"@type\":\"BreadcrumbList\",\"@id\":\"https:\/\/yreduktor.eu\/index.php\/pl\/yilmaz-reduktor-pl\/podstawowe-wlasciwosci\/#breadcrumb\",\"itemListElement\":[{\"@type\":\"ListItem\",\"position\":1,\"name\":\"Dom\u016f\",\"item\":\"https:\/\/yreduktor.eu\/\"},{\"@type\":\"ListItem\",\"position\":2,\"name\":\"Yilmaz Red\u00fckt\u00f6r PL\",\"item\":\"https:\/\/yreduktor.eu\/index.php\/pl\/\"},{\"@type\":\"ListItem\",\"position\":3,\"name\":\"Podstawowe w\u0142a\u015bciwo\u015bci\"}]},{\"@type\":\"WebSite\",\"@id\":\"https:\/\/yreduktor.eu\/#website\",\"url\":\"https:\/\/yreduktor.eu\/\",\"name\":\"Yilmaz Red\u00fckt\u00f6r\",\"description\":\"P\u0159evodovky Yilmaz v \u010cR.\",\"potentialAction\":[{\"@type\":\"SearchAction\",\"target\":{\"@type\":\"EntryPoint\",\"urlTemplate\":\"https:\/\/yreduktor.eu\/?s={search_term_string}\"},\"query-input\":\"required name=search_term_string\"}],\"inLanguage\":\"cs\"}]}<\/script>\n<!-- \/ Yoast SEO plugin. -->","yoast_head_json":{"title":"Podstawowe w\u0142a\u015bciwo\u015bci - Yilmaz Red\u00fckt\u00f6r","description":"Unikalna konstrukcja zapewnia niski poziom ha\u0142asu, minimalny wyciek oleju i wy\u017csz\u0105 trwa\u0142o\u015b\u0107 oraz precyzyjno\u015b\u0107 ca\u0142ej skrzyni bieg\u00f3w.","robots":{"index":"index","follow":"follow","max-snippet":"max-snippet:-1","max-image-preview":"max-image-preview:large","max-video-preview":"max-video-preview:-1"},"canonical":"https:\/\/yreduktor.eu\/index.php\/pl\/yilmaz-reduktor-pl\/podstawowe-wlasciwosci\/","og_locale":"cs_CZ","og_type":"article","og_title":"Podstawowe w\u0142a\u015bciwo\u015bci - Yilmaz Red\u00fckt\u00f6r","og_description":"Unikalna konstrukcja zapewnia niski poziom ha\u0142asu, minimalny wyciek oleju i wy\u017csz\u0105 trwa\u0142o\u015b\u0107 oraz precyzyjno\u015b\u0107 ca\u0142ej skrzyni bieg\u00f3w.","og_url":"https:\/\/yreduktor.eu\/index.php\/pl\/yilmaz-reduktor-pl\/podstawowe-wlasciwosci\/","og_site_name":"Yilmaz Red\u00fckt\u00f6r","article_modified_time":"2019-06-25T11:35:41+00:00","og_image":[{"width":1200,"height":630,"url":"https:\/\/yreduktor.eu\/wp-content\/uploads\/2019\/03\/yilmaz_FB_cover-pic.jpg","type":"image\/jpeg"}],"twitter_card":"summary_large_image","twitter_misc":{"Odhadovan\u00e1 doba \u010dten\u00ed":"2 minuty"},"schema":{"@context":"https:\/\/schema.org","@graph":[{"@type":"WebPage","@id":"https:\/\/yreduktor.eu\/index.php\/pl\/yilmaz-reduktor-pl\/podstawowe-wlasciwosci\/","url":"https:\/\/yreduktor.eu\/index.php\/pl\/yilmaz-reduktor-pl\/podstawowe-wlasciwosci\/","name":"Podstawowe w\u0142a\u015bciwo\u015bci - Yilmaz Red\u00fckt\u00f6r","isPartOf":{"@id":"https:\/\/yreduktor.eu\/#website"},"datePublished":"2019-05-22T14:06:15+00:00","dateModified":"2019-06-25T11:35:41+00:00","description":"Unikalna konstrukcja zapewnia niski poziom ha\u0142asu, minimalny wyciek oleju i wy\u017csz\u0105 trwa\u0142o\u015b\u0107 oraz precyzyjno\u015b\u0107 ca\u0142ej skrzyni bieg\u00f3w.","breadcrumb":{"@id":"https:\/\/yreduktor.eu\/index.php\/pl\/yilmaz-reduktor-pl\/podstawowe-wlasciwosci\/#breadcrumb"},"inLanguage":"cs","potentialAction":[{"@type":"ReadAction","target":["https:\/\/yreduktor.eu\/index.php\/pl\/yilmaz-reduktor-pl\/podstawowe-wlasciwosci\/"]}]},{"@type":"BreadcrumbList","@id":"https:\/\/yreduktor.eu\/index.php\/pl\/yilmaz-reduktor-pl\/podstawowe-wlasciwosci\/#breadcrumb","itemListElement":[{"@type":"ListItem","position":1,"name":"Dom\u016f","item":"https:\/\/yreduktor.eu\/"},{"@type":"ListItem","position":2,"name":"Yilmaz Red\u00fckt\u00f6r PL","item":"https:\/\/yreduktor.eu\/index.php\/pl\/"},{"@type":"ListItem","position":3,"name":"Podstawowe w\u0142a\u015bciwo\u015bci"}]},{"@type":"WebSite","@id":"https:\/\/yreduktor.eu\/#website","url":"https:\/\/yreduktor.eu\/","name":"Yilmaz Red\u00fckt\u00f6r","description":"P\u0159evodovky Yilmaz v \u010cR.","potentialAction":[{"@type":"SearchAction","target":{"@type":"EntryPoint","urlTemplate":"https:\/\/yreduktor.eu\/?s={search_term_string}"},"query-input":"required name=search_term_string"}],"inLanguage":"cs"}]}},"lang":"pl","translations":{"pl":1184,"cs":226,"en":1260},"jetpack_sharing_enabled":true,"pll_sync_post":[],"_links":{"self":[{"href":"https:\/\/yreduktor.eu\/index.php\/wp-json\/wp\/v2\/pages\/1184"}],"collection":[{"href":"https:\/\/yreduktor.eu\/index.php\/wp-json\/wp\/v2\/pages"}],"about":[{"href":"https:\/\/yreduktor.eu\/index.php\/wp-json\/wp\/v2\/types\/page"}],"author":[{"embeddable":true,"href":"https:\/\/yreduktor.eu\/index.php\/wp-json\/wp\/v2\/users\/1"}],"replies":[{"embeddable":true,"href":"https:\/\/yreduktor.eu\/index.php\/wp-json\/wp\/v2\/comments?post=1184"}],"version-history":[{"count":5,"href":"https:\/\/yreduktor.eu\/index.php\/wp-json\/wp\/v2\/pages\/1184\/revisions"}],"predecessor-version":[{"id":1356,"href":"https:\/\/yreduktor.eu\/index.php\/wp-json\/wp\/v2\/pages\/1184\/revisions\/1356"}],"up":[{"embeddable":true,"href":"https:\/\/yreduktor.eu\/index.php\/wp-json\/wp\/v2\/pages\/1161"}],"wp:attachment":[{"href":"https:\/\/yreduktor.eu\/index.php\/wp-json\/wp\/v2\/media?parent=1184"}],"curies":[{"name":"wp","href":"https:\/\/api.w.org\/{rel}","templated":true}]}}