{"id":1249,"date":"2019-05-23T13:49:04","date_gmt":"2019-05-23T11:49:04","guid":{"rendered":"https:\/\/www.yreduktor.eu\/?page_id=1249"},"modified":"2019-06-24T11:03:21","modified_gmt":"2019-06-24T09:03:21","slug":"o-yilmaz-reduktor","status":"publish","type":"page","link":"https:\/\/yreduktor.eu\/index.php\/yilmaz-reduktor\/o-yilmaz-reduktor\/","title":{"rendered":"O Yilmaz Red\u00fckt\u00f6r"},"content":{"rendered":"<div  data-label=\"Cta\" data-id=\"cta--2\" data-export-id=\"cta-centered-bg-section\" data-category=\"cta\" data-section-ov=\"1\" class=\"cta-centered-bg-section content-section content-section-spacing-medium white-text\" data-parallax-depth=\"20\" id=\"cta-2\" style=\"background-color: rgb(255, 255, 255); background-image: none; background-size: cover; background-position: center top;\" data-ce-key=\"142\"><div  class=\"gridContainer\" data-ce-key=\"143\"> <div  class=\"row text-center\" data-ce-key=\"144\"><div  data-type=\"column\" class=\"\" data-ce-key=\"145\">  <h1  class=\"\" data-ce-key=\"146\"><span  style=\"color: rgb(73, 73, 73);\" data-ce-key=\"147\">Yilmaz Red\u00fcktor v kostce<\/span><\/h1><p  class=\"\" data-ce-key=\"148\"><span  style=\"color: rgb(73, 73, 73);\" data-ce-key=\"149\">Pt\u00e1te se, pro\u010d zvolit na \u010desk\u00e9m trhu nezn\u00e1mou tureckou firmu Yilmaz Red\u00fckt\u00f6r? Tady jsou hlavn\u00ed konkuren\u010dn\u00ed v\u00fdhody.<\/span><\/p><\/div> <\/div><\/div> <\/div><div  data-label=\"Overlappable\" data-id=\"overlappable--1\" data-export-id=\"overlappable-1\" data-category=\"overlappable\" class=\"overlappable-1 content-section content-section-spacing content-relative\" data-overlap=\"true\" id=\"overlappable-1\" style=\"background-color: rgb(255, 255, 255);\" data-ce-key=\"150\"><div  class=\"gridContainer\" data-ce-key=\"151\"> <div  data-type=\"row\" class=\"row shadow-medium\" data-ce-key=\"152\"><div  data-type=\"column\" class=\"col-xs-12 col-sm-4 flexcol bg-color-white col-padding col-padding-small-xs\" data-ce-key=\"153\">   <h2  class=\"\" data-ce-key=\"154\">1958<\/h2><p  class=\"\" data-ce-key=\"155\">V Istanbulu je v roce 1958 zalo\u017eena firma Yilmaz Red\u00fcktor.\r\n<br  data-ce-key=\"156\">Dnes je nejv\u011bt\u0161\u00edm v\u00fdrobcem p\u0159evodovek v Turecku a m\u00e1 nezastupitelnou pozici i mezi sv\u011btov\u00fdmi producenty p\u0159evodovek.&nbsp;<\/p> <\/div>   <div  data-type=\"column\" class=\"col-xs-12 col-sm-4 flexcol col-padding col-padding-small-xs bg-color-white\" data-ce-key=\"157\"><img decoding=\"async\"  class=\"custom-image lazyloaded\" src=\"http:\/\/www.yreduktor.eu\/wp-content\/uploads\/2019\/03\/yilmaz_image_pic_3-1.png\" data-lazy-src=\"http:\/\/www.yreduktor.eu\/wp-content\/uploads\/2019\/03\/yilmaz_image_pic_3-1.png\" alt=\"\" title=\"yilmaz_image_pic_3\" data-was-processed=\"true\" data-ce-key=\"158\">    <\/div><div  data-type=\"column\" class=\"col-xs-12 col-sm-4 flexcol col-padding col-padding-small-xs inverted bg-color2\" data-ce-key=\"159\">  <h2  class=\"\" data-ce-key=\"160\">2013<\/h2><p  class=\"\" data-ce-key=\"161\">V roce 2013 vznikla firma <a  data-mce-href=\"https:\/\/elkmotor.cz\/\" href=\"https:\/\/elkmotor.cz\" target=\"_blank\" rel=\"noopener noreferrer\" data-mce-selected=\"inline-boundary\" data-cp-link=\"1\" class=\"\" data-ce-key=\"162\">ELK Motor<\/a> jako dce\u0159in\u00e1 firma Yilmaz Red\u00fckt\u00f6r. To v\u0161e za \u00fa\u010delem roz\u0161\u00ed\u0159en\u00ed produktov\u00fdch \u0159ad a specializace v\u00fdhradn\u011b na elektromotory.<\/p> <\/div><div  data-type=\"column\" class=\"col-xs-12 col-sm-4 flexcol col-padding col-padding-small-xs bg-color5\" data-ce-key=\"163\">   <h2  class=\"\" data-ce-key=\"164\"><span  style=\"color: rgb(255, 255, 255);\" data-ce-key=\"165\">Vysok\u00e9 standardy<\/span><\/h2><p  class=\"\" data-ce-key=\"166\"><span  style=\"color: rgb(255, 255, 255);\" data-ce-key=\"167\">Vysok\u00e9 standardy dodr\u017euj\u00ed nejenom p\u0159i v\u00fdrob\u011b, ale zakl\u00e1daj\u00ed si tak\u00e9 na absolutn\u00edm respektu k ekologii a sv\u00fdm zam\u011bstnanc\u016fm.\r\n\r\n<\/span><br  data-ce-key=\"168\"><br  data-ce-key=\"169\"><span  style=\"color: rgb(255, 255, 255);\" data-ce-key=\"170\">To dokazuj\u00ed r\u016fzn\u00e9 certifik\u00e1ty a ocen\u011bn\u00ed v\u010detn\u011b ISO 9001, standardy TSE, prohl\u00e1\u0161en\u00ed o shod\u011b, certifikace ATEX a mnoho dal\u0161\u00edch.&nbsp;<\/span><\/p> <\/div><div  data-type=\"column\" class=\"col-xs-12 col-sm-4 flexcol col-padding col-padding-small-xs bg-color1\" data-ce-key=\"171\">    <h2  class=\"\" data-ce-key=\"172\"><span  style=\"color: rgb(255, 255, 255);\" data-ce-key=\"173\">Dlouholet\u00e9 \r\n<\/span><br  data-ce-key=\"174\"><span  style=\"color: rgb(255, 255, 255);\" data-ce-key=\"175\">know-how a zku\u0161enosti<\/span><\/h2><p  class=\"\" data-ce-key=\"176\"><span  style=\"color: rgb(255, 255, 255);\" data-ce-key=\"177\">Za v\u00edce ne\u017e 60 let sv\u00e9 existence je l\u00eddrem v produkci p\u0159evodovek doma i po cel\u00e9m sv\u011bt\u011b.&nbsp;<\/span><\/p><\/div><div  data-type=\"column\" class=\"col-xs-12 col-sm-4 flexcol bg-color-white col-padding col-padding-small-xs\" data-ce-key=\"178\">    <img decoding=\"async\"  class=\"custom-image lazyloaded\" src=\"http:\/\/www.yreduktor.eu\/wp-content\/uploads\/2019\/03\/DR-Parallel-Shaft.jpg\" data-lazy-src=\"http:\/\/www.yreduktor.eu\/wp-content\/uploads\/2019\/03\/DR-Parallel-Shaft.jpg\" alt=\"\" title=\"ploch\u00e9 (paraleln\u00ed) p\u0159evodovky\" data-was-processed=\"true\" data-ce-key=\"179\"><\/div><div  data-type=\"column\" class=\"col-xs-12 col-sm-4 flexcol col-padding col-padding-small-xs inverted bg-color6\" data-ce-key=\"180\"><img decoding=\"async\"  class=\"custom-image lazyloaded\" src=\"http:\/\/www.yreduktor.eu\/wp-content\/uploads\/2019\/03\/yilmaz_image_HP_2.jpg\" data-lazy-src=\"http:\/\/www.yreduktor.eu\/wp-content\/uploads\/2019\/03\/yilmaz_image_HP_2.jpg\" alt=\"\" title=\"yilmaz_image_HP_2\" data-was-processed=\"true\" data-ce-key=\"181\">   <\/div><div  data-type=\"column\" class=\"col-xs-12 col-sm-4 flexcol bg-color-white col-padding col-padding-small-xs\" data-ce-key=\"182\">   <h2  class=\"\" data-ce-key=\"183\">11 typ\u016f p\u0159evodovek<\/h2><p  class=\"\" data-ce-key=\"184\">\u0160irok\u00e9 produktov\u00e9 portfolio zaru\u010duje mo\u017enost v\u00fdb\u011bru produktu pro ka\u017edou pr\u016fmyslovou aplikaci nebo provoz.&nbsp; &nbsp;<\/p> <\/div><div  data-type=\"column\" class=\"col-xs-12 col-sm-4 flexcol col-padding col-padding-small-xs bg-color1\" data-ce-key=\"185\">   <h2  class=\"\" data-ce-key=\"186\"><span  style=\"color: rgb(255, 255, 255);\" data-ce-key=\"187\">V\u00fdroba na zak\u00e1zku<\/span><\/h2><p  class=\"\" data-ce-key=\"188\"><span  style=\"color: rgb(255, 255, 255);\" data-ce-key=\"189\">Pln\u011b vybaven\u00e1 tov\u00e1rna s vlastn\u00edm R&amp;D centrem umo\u017e\u0148uje vyrobit p\u0159evodovky dle p\u0159esn\u00fdch specifikac\u00ed z\u00e1kazn\u00edka p\u0159\u00edmo na m\u00edru.&nbsp;<\/span><\/p> <\/div><\/div><\/div> <\/div><div  data-label=\"Gallery\" data-id=\"gallery--1\" data-export-id=\"gallery-2\" data-category=\"gallery\" class=\"gallery-2 content-section content-section-spacing\" id=\"gallery-1\" style=\"background-color: rgb(255, 255, 255); background-image: none;\" data-ce-key=\"190\"><div  class=\"\" data-ce-key=\"191\"> <div  class=\"row\" data-ce-key=\"192\"><div  class=\"col-xs-12 full-no-padding\" data-editable=\"true\" data-content-shortcode=\"mesmerize_gallery id=&quot;mesmerize-gallery-2&quot; columns=&quot;3&quot; ids=&quot;610,1008,609&quot; lb=&quot;1&quot; masonry=&quot;0&quot; size=&quot;medium&quot; link=&quot;file&quot; \" data-ce-key=\"193\"><div id='mesmerize-gallery-2' class='gallery-wrapper'><style type=\"text\/css\">\n                    @media only screen and (min-width: 768px) {\n                    [data-unique-id='mesmerize-gallery-2-6a08641eaca7d'] dl {\n                        float: left;\n                        width: 33.333333333333% !important;\n                        max-width:  33.333333333333% !important;\n                        min-width:  33.333333333333% !important;\n                    }\n\n                    [data-unique-id='mesmerize-gallery-2-6a08641eaca7d'] dl:nth-of-type(3n +1 ) {\n                      clear: both;\n                      }\n                    }\n                <\/style><div id='mesmerize-gallery-2' class='mesmerize-gallery-2-dls-wrapper gallery-items-wrapper materialis-gallery' data-unique-id='mesmerize-gallery-2-6a08641eaca7d'><dl class='gallery-item'>\n\t\t\t<dt class='gallery-icon landscape'>\n\t\t\t\t<a data-fancybox=\"mesmerize-gallery-2-group\" href='https:\/\/yreduktor.eu\/wp-content\/uploads\/2019\/02\/yilmaz_image_pic_1_small.png'><img  width=\"300\" height=\"169\" src=\"https:\/\/yreduktor.eu\/wp-content\/uploads\/2019\/02\/yilmaz_image_pic_1_small.png\"  class='mesmerize-gallery-2-image' alt=\"\" decoding=\"async\" loading=\"lazy\" \/><\/a>\n\t\t\t<\/dt><\/dl><dl class='gallery-item'>\n\t\t\t<dt class='gallery-icon landscape'>\n\t\t\t\t<a data-fancybox=\"mesmerize-gallery-2-group\" href='https:\/\/yreduktor.eu\/wp-content\/uploads\/2019\/03\/yilmaz_image_pic_3-1.png'><img  width=\"300\" height=\"169\" src=\"https:\/\/yreduktor.eu\/wp-content\/uploads\/2019\/03\/yilmaz_image_pic_3-1.png\"  class='mesmerize-gallery-2-image' alt=\"\" decoding=\"async\" loading=\"lazy\" \/><\/a>\n\t\t\t<\/dt><\/dl><dl class='gallery-item'>\n\t\t\t<dt class='gallery-icon landscape'>\n\t\t\t\t<a data-fancybox=\"mesmerize-gallery-2-group\" href='https:\/\/yreduktor.eu\/wp-content\/uploads\/2019\/02\/yilmaz_hala_small.jpg'><img  width=\"300\" height=\"169\" src=\"https:\/\/yreduktor.eu\/wp-content\/uploads\/2019\/02\/yilmaz_hala_small.jpg\"  class='mesmerize-gallery-2-image' alt=\"\" decoding=\"async\" loading=\"lazy\" \/><\/a>\n\t\t\t<\/dt><\/dl>\n\t\t<\/div>\n<script>(function($){window.MaterialisCaptionsGallery && window.MaterialisCaptionsGallery($('[data-unique-id=\"mesmerize-gallery-2-6a08641eaca7d\"]'))})(jQuery)<\/script><\/div><\/div><\/div> <\/div><\/div>","protected":false},"excerpt":{"rendered":"<p>Yilmaz Red\u00fcktor v kostcePt\u00e1te se, pro\u010d zvolit na \u010desk\u00e9m trhu nezn\u00e1mou tureckou firmu Yilmaz Red\u00fckt\u00f6r? Tady jsou hlavn\u00ed konkuren\u010dn\u00ed v\u00fdhody. 1958V Istanbulu je v roce 1958 zalo\u017eena firma Yilmaz Red\u00fcktor. Dnes je nejv\u011bt\u0161\u00edm v\u00fdrobcem p\u0159evodovek v Turecku a m\u00e1 nezastupitelnou pozici i mezi sv\u011btov\u00fdmi producenty p\u0159evodovek.&nbsp; 2013V roce 2013 vznikla firma ELK Motor jako dce\u0159in\u00e1&hellip; <br \/> <a class=\"read-more\" href=\"https:\/\/yreduktor.eu\/index.php\/yilmaz-reduktor\/o-yilmaz-reduktor\/\">Read more<\/a><\/p>\n","protected":false},"author":1,"featured_media":0,"parent":34,"menu_order":1,"comment_status":"closed","ping_status":"closed","template":"pro\/page-templates\/page-with-small-header.php","meta":{"footnotes":""},"yoast_head":"<!-- This site is optimized with the Yoast SEO plugin v21.3 - https:\/\/yoast.com\/wordpress\/plugins\/seo\/ -->\n<title>O Yilmaz Red\u00fckt\u00f6r - Yilmaz Red\u00fckt\u00f6r - osv\u011bd\u010den\u00fd v\u00fdrobce p\u0159evodovek<\/title>\n<meta name=\"description\" content=\"Yilmaz Red\u00fckt\u00f6r pat\u0159\u00ed mezi nejv\u011bt\u0161\u00ed producenty p\u0159evodovek na sv\u011bt\u011b. V\u00edce ne\u017e 60 let zku\u0161enost\u00ed ve v\u00fdvoji a produkci p\u0159evodovek zaru\u010duje kvalitn\u00ed produkty.\" \/>\n<meta name=\"robots\" content=\"index, follow, max-snippet:-1, max-image-preview:large, max-video-preview:-1\" \/>\n<link rel=\"canonical\" href=\"https:\/\/www.yreduktor.eu\/index.php\/yilmaz-reduktor\/o-yilmaz-reduktor\/\" \/>\n<meta property=\"og:locale\" content=\"cs_CZ\" \/>\n<meta property=\"og:type\" content=\"article\" \/>\n<meta property=\"og:title\" content=\"O Yilmaz Red\u00fckt\u00f6r - Yilmaz Red\u00fckt\u00f6r - osv\u011bd\u010den\u00fd v\u00fdrobce p\u0159evodovek\" \/>\n<meta property=\"og:description\" content=\"Yilmaz Red\u00fckt\u00f6r pat\u0159\u00ed mezi nejv\u011bt\u0161\u00ed producenty p\u0159evodovek na sv\u011bt\u011b. V\u00edce ne\u017e 60 let zku\u0161enost\u00ed ve v\u00fdvoji a produkci p\u0159evodovek zaru\u010duje kvalitn\u00ed produkty.\" \/>\n<meta property=\"og:url\" content=\"https:\/\/www.yreduktor.eu\/index.php\/yilmaz-reduktor\/o-yilmaz-reduktor\/\" \/>\n<meta property=\"og:site_name\" content=\"Yilmaz Red\u00fckt\u00f6r\" \/>\n<meta property=\"article:modified_time\" content=\"2019-06-24T09:03:21+00:00\" \/>\n<meta property=\"og:image\" content=\"https:\/\/www.yreduktor.eu\/wp-content\/uploads\/2019\/03\/yilmaz_FB_cover-pic.jpg\" \/>\n\t<meta property=\"og:image:width\" content=\"1200\" \/>\n\t<meta property=\"og:image:height\" content=\"630\" \/>\n\t<meta property=\"og:image:type\" content=\"image\/jpeg\" \/>\n<meta name=\"twitter:card\" content=\"summary_large_image\" \/>\n<meta name=\"twitter:label1\" content=\"Odhadovan\u00e1 doba \u010dten\u00ed\" \/>\n\t<meta name=\"twitter:data1\" content=\"1 minuta\" \/>\n<script type=\"application\/ld+json\" class=\"yoast-schema-graph\">{\"@context\":\"https:\/\/schema.org\",\"@graph\":[{\"@type\":\"WebPage\",\"@id\":\"https:\/\/www.yreduktor.eu\/index.php\/yilmaz-reduktor\/o-yilmaz-reduktor\/\",\"url\":\"https:\/\/www.yreduktor.eu\/index.php\/yilmaz-reduktor\/o-yilmaz-reduktor\/\",\"name\":\"O Yilmaz Red\u00fckt\u00f6r - Yilmaz Red\u00fckt\u00f6r - osv\u011bd\u010den\u00fd v\u00fdrobce p\u0159evodovek\",\"isPartOf\":{\"@id\":\"https:\/\/yreduktor.eu\/#website\"},\"datePublished\":\"2019-05-23T11:49:04+00:00\",\"dateModified\":\"2019-06-24T09:03:21+00:00\",\"description\":\"Yilmaz Red\u00fckt\u00f6r pat\u0159\u00ed mezi nejv\u011bt\u0161\u00ed producenty p\u0159evodovek na sv\u011bt\u011b. V\u00edce ne\u017e 60 let zku\u0161enost\u00ed ve v\u00fdvoji a produkci p\u0159evodovek zaru\u010duje kvalitn\u00ed produkty.\",\"breadcrumb\":{\"@id\":\"https:\/\/www.yreduktor.eu\/index.php\/yilmaz-reduktor\/o-yilmaz-reduktor\/#breadcrumb\"},\"inLanguage\":\"cs\",\"potentialAction\":[{\"@type\":\"ReadAction\",\"target\":[\"https:\/\/www.yreduktor.eu\/index.php\/yilmaz-reduktor\/o-yilmaz-reduktor\/\"]}]},{\"@type\":\"BreadcrumbList\",\"@id\":\"https:\/\/www.yreduktor.eu\/index.php\/yilmaz-reduktor\/o-yilmaz-reduktor\/#breadcrumb\",\"itemListElement\":[{\"@type\":\"ListItem\",\"position\":1,\"name\":\"Dom\u016f\",\"item\":\"https:\/\/yreduktor.eu\/\"},{\"@type\":\"ListItem\",\"position\":2,\"name\":\"Yilmaz Red\u00fckt\u00f6r\",\"item\":\"https:\/\/yreduktor.eu\/\"},{\"@type\":\"ListItem\",\"position\":3,\"name\":\"O Yilmaz Red\u00fckt\u00f6r\"}]},{\"@type\":\"WebSite\",\"@id\":\"https:\/\/yreduktor.eu\/#website\",\"url\":\"https:\/\/yreduktor.eu\/\",\"name\":\"Yilmaz Red\u00fckt\u00f6r\",\"description\":\"P\u0159evodovky Yilmaz v \u010cR.\",\"potentialAction\":[{\"@type\":\"SearchAction\",\"target\":{\"@type\":\"EntryPoint\",\"urlTemplate\":\"https:\/\/yreduktor.eu\/?s={search_term_string}\"},\"query-input\":\"required name=search_term_string\"}],\"inLanguage\":\"cs\"}]}<\/script>\n<!-- \/ Yoast SEO plugin. -->","yoast_head_json":{"title":"O Yilmaz Red\u00fckt\u00f6r - Yilmaz Red\u00fckt\u00f6r - osv\u011bd\u010den\u00fd v\u00fdrobce p\u0159evodovek","description":"Yilmaz Red\u00fckt\u00f6r pat\u0159\u00ed mezi nejv\u011bt\u0161\u00ed producenty p\u0159evodovek na sv\u011bt\u011b. V\u00edce ne\u017e 60 let zku\u0161enost\u00ed ve v\u00fdvoji a produkci p\u0159evodovek zaru\u010duje kvalitn\u00ed produkty.","robots":{"index":"index","follow":"follow","max-snippet":"max-snippet:-1","max-image-preview":"max-image-preview:large","max-video-preview":"max-video-preview:-1"},"canonical":"https:\/\/www.yreduktor.eu\/index.php\/yilmaz-reduktor\/o-yilmaz-reduktor\/","og_locale":"cs_CZ","og_type":"article","og_title":"O Yilmaz Red\u00fckt\u00f6r - Yilmaz Red\u00fckt\u00f6r - osv\u011bd\u010den\u00fd v\u00fdrobce p\u0159evodovek","og_description":"Yilmaz Red\u00fckt\u00f6r pat\u0159\u00ed mezi nejv\u011bt\u0161\u00ed producenty p\u0159evodovek na sv\u011bt\u011b. V\u00edce ne\u017e 60 let zku\u0161enost\u00ed ve v\u00fdvoji a produkci p\u0159evodovek zaru\u010duje kvalitn\u00ed produkty.","og_url":"https:\/\/www.yreduktor.eu\/index.php\/yilmaz-reduktor\/o-yilmaz-reduktor\/","og_site_name":"Yilmaz Red\u00fckt\u00f6r","article_modified_time":"2019-06-24T09:03:21+00:00","og_image":[{"width":1200,"height":630,"url":"https:\/\/www.yreduktor.eu\/wp-content\/uploads\/2019\/03\/yilmaz_FB_cover-pic.jpg","type":"image\/jpeg"}],"twitter_card":"summary_large_image","twitter_misc":{"Odhadovan\u00e1 doba \u010dten\u00ed":"1 minuta"},"schema":{"@context":"https:\/\/schema.org","@graph":[{"@type":"WebPage","@id":"https:\/\/www.yreduktor.eu\/index.php\/yilmaz-reduktor\/o-yilmaz-reduktor\/","url":"https:\/\/www.yreduktor.eu\/index.php\/yilmaz-reduktor\/o-yilmaz-reduktor\/","name":"O Yilmaz Red\u00fckt\u00f6r - Yilmaz Red\u00fckt\u00f6r - osv\u011bd\u010den\u00fd v\u00fdrobce p\u0159evodovek","isPartOf":{"@id":"https:\/\/yreduktor.eu\/#website"},"datePublished":"2019-05-23T11:49:04+00:00","dateModified":"2019-06-24T09:03:21+00:00","description":"Yilmaz Red\u00fckt\u00f6r pat\u0159\u00ed mezi nejv\u011bt\u0161\u00ed producenty p\u0159evodovek na sv\u011bt\u011b. V\u00edce ne\u017e 60 let zku\u0161enost\u00ed ve v\u00fdvoji a produkci p\u0159evodovek zaru\u010duje kvalitn\u00ed produkty.","breadcrumb":{"@id":"https:\/\/www.yreduktor.eu\/index.php\/yilmaz-reduktor\/o-yilmaz-reduktor\/#breadcrumb"},"inLanguage":"cs","potentialAction":[{"@type":"ReadAction","target":["https:\/\/www.yreduktor.eu\/index.php\/yilmaz-reduktor\/o-yilmaz-reduktor\/"]}]},{"@type":"BreadcrumbList","@id":"https:\/\/www.yreduktor.eu\/index.php\/yilmaz-reduktor\/o-yilmaz-reduktor\/#breadcrumb","itemListElement":[{"@type":"ListItem","position":1,"name":"Dom\u016f","item":"https:\/\/yreduktor.eu\/"},{"@type":"ListItem","position":2,"name":"Yilmaz Red\u00fckt\u00f6r","item":"https:\/\/yreduktor.eu\/"},{"@type":"ListItem","position":3,"name":"O Yilmaz Red\u00fckt\u00f6r"}]},{"@type":"WebSite","@id":"https:\/\/yreduktor.eu\/#website","url":"https:\/\/yreduktor.eu\/","name":"Yilmaz Red\u00fckt\u00f6r","description":"P\u0159evodovky Yilmaz v \u010cR.","potentialAction":[{"@type":"SearchAction","target":{"@type":"EntryPoint","urlTemplate":"https:\/\/yreduktor.eu\/?s={search_term_string}"},"query-input":"required name=search_term_string"}],"inLanguage":"cs"}]}},"lang":"cs","translations":{"cs":1249,"pl":1173,"en":214},"jetpack_sharing_enabled":true,"pll_sync_post":[],"_links":{"self":[{"href":"https:\/\/yreduktor.eu\/index.php\/wp-json\/wp\/v2\/pages\/1249"}],"collection":[{"href":"https:\/\/yreduktor.eu\/index.php\/wp-json\/wp\/v2\/pages"}],"about":[{"href":"https:\/\/yreduktor.eu\/index.php\/wp-json\/wp\/v2\/types\/page"}],"author":[{"embeddable":true,"href":"https:\/\/yreduktor.eu\/index.php\/wp-json\/wp\/v2\/users\/1"}],"replies":[{"embeddable":true,"href":"https:\/\/yreduktor.eu\/index.php\/wp-json\/wp\/v2\/comments?post=1249"}],"version-history":[{"count":2,"href":"https:\/\/yreduktor.eu\/index.php\/wp-json\/wp\/v2\/pages\/1249\/revisions"}],"predecessor-version":[{"id":1284,"href":"https:\/\/yreduktor.eu\/index.php\/wp-json\/wp\/v2\/pages\/1249\/revisions\/1284"}],"up":[{"embeddable":true,"href":"https:\/\/yreduktor.eu\/index.php\/wp-json\/wp\/v2\/pages\/34"}],"wp:attachment":[{"href":"https:\/\/yreduktor.eu\/index.php\/wp-json\/wp\/v2\/media?parent=1249"}],"curies":[{"name":"wp","href":"https:\/\/api.w.org\/{rel}","templated":true}]}}