{"id":220,"date":"2019-01-16T11:41:52","date_gmt":"2019-01-16T10:41:52","guid":{"rendered":"https:\/\/www.yreduktor.eu\/?page_id=220"},"modified":"2022-05-07T23:37:35","modified_gmt":"2022-05-07T21:37:35","slug":"prevodovky","status":"publish","type":"page","link":"https:\/\/yreduktor.eu\/index.php\/yilmaz-reduktor\/prevodovky\/","title":{"rendered":"P\u0159evodovky"},"content":{"rendered":"<div  data-label=\"Cta\" data-id=\"cta--1\" data-export-id=\"cta-centered-bg-section\" data-category=\"cta\" data-section-ov=\"1\" class=\"cta-centered-bg-section content-section content-section-spacing-medium white-text\" data-parallax-depth=\"20\" id=\"cta-1\" style=\"background-color: rgb(255, 255, 255); background-size: cover; background-position: center top; background-image: none;\"><div  class=\"gridContainer\"> <div  class=\"row text-center\"><div  data-type=\"column\" class=\"\"> <h2  class=\"\"><span  style=\"color: rgb(73, 73, 73);\">P\u0159evodovky Yilmaz Red\u00fckt\u00f6r<\/span><\/h2> <\/div> <\/div><\/div> <\/div><div  data-label=\"vlastnosti\" data-id=\"overlappable--5\" data-export-id=\"overlappable-4\" data-category=\"overlappable\" class=\"overlappable-4 content-section content-section-spacing\" data-overlap=\"true\" id=\"vlastnosti\" style=\"background-color: rgb(255, 255, 255);\"><div  class=\"gridContainer\"> <div  data-type=\"row\" class=\"row spaced-cols text-center\"><div  class=\"col-xs-12 col-sm-4 col-padding\"> <a data-cp-link=\"1\" href=\"http:\/\/www.yreduktor.eu\/index.php\/technicka-specifikace\" target=\"_self\" rel=\"noopener noreferrer\" class=\"\"><i  class=\"fa icon shadow-large-black aligncenter fa-gears reverse round large color1\"><\/i><\/a> <div  data-type=\"column\" class=\"\">  <h4  class=\"\"><span  style=\"color: rgb(230, 35, 131);\">z\u00e1kladn\u00ed vlastnosti<\/span><\/h4><p  class=\"\" style=\"text-align: left;\"><span  style=\"font-weight: 300;\">\u2013 mo\u017enosti konfigurace<\/span><br ><span  style=\"font-weight: 300;\">\n\u2013 velikosti<\/span><br ><span  style=\"font-weight: 300;\">\n\u2013 okoln\u00ed prost\u0159ed\u00ed<\/span><\/p><\/div> <\/div> <div  class=\"col-xs-12 col-sm-4 col-padding\"> <a data-cp-link=\"1\" href=\"http:\/\/www.yr.com.tr\/uygulamalar\" target=\"_self\" rel=\"noopener\"><i  class=\"fa icon shadow-large-black aligncenter fa-magic reverse round large color1\"><\/i><\/a> <div  data-type=\"column\" class=\"\"> <h4  class=\"\"><span  style=\"color: rgb(230, 35, 131);\">on-line konfigur\u00e1tor<\/span><\/h4><p  class=\"\" style=\"text-align: left;\"><span  style=\"font-weight: 300;\">\u2013 konfigurace p\u0159evodovky jednodu\u0161e on-line<\/span><br ><span  style=\"font-weight: 300;\">\n\u2013 2D a 3D pl\u00e1ny dostupn\u00e9 on-line<\/span><\/p><\/div> <\/div> <div  class=\"col-xs-12 col-sm-4 col-padding\"> <a data-cp-link=\"1\" href=\"https:\/\/yreduktor.eu\/index.php\/yilmaz-reduktor\/dokumenty-ke-stazeni\" target=\"_self\" rel=\"noopener\"><i  class=\"fa icon shadow-large-black aligncenter fa-book reverse round large color1\"><\/i><\/a> <div  data-type=\"column\" class=\"\"> <h4  class=\"\"><span  style=\"color: rgb(230, 35, 131);\">katalogy a produktov\u00e9 listy<\/span><\/h4><p  class=\"\" style=\"text-align: left;\"><span  style=\"font-weight: 300;\">\u2013 katalogy a produktov\u00e9 listy na jednom m\u00edst\u011b<\/span><\/p><\/div> <\/div><\/div> <\/div><\/div><div  data-label=\"Overlappable\" data-id=\"overlappable--4\" data-export-id=\"overlappable-1\" data-category=\"overlappable\" class=\"overlappable-1 content-section content-section-spacing\" data-overlap=\"true\" id=\"overlappable-4\" style=\"background-color: rgb(255, 255, 255);\"><div  class=\"gridContainer\"> <div  data-type=\"row\" class=\"row shadow-medium\"><div  data-type=\"column\" class=\"col-xs-12 col-sm-4 flexcol bg-color-white col-padding col-padding-small-xs\"><h2  class=\"\">Unik\u00e1tn\u00ed monolitick\u00e1 konstrukce<\/h2>    <p  class=\"\"><span  style=\"font-weight: 300;\">Nov\u00e1 generace p\u0159evodovek Yilmaz Red\u00fckt\u00f6r d\u00edky sv\u00e9 monolitick\u00e9 konstrukci vynik\u00e1 absolutn\u00ed p\u0159esnost\u00ed, tuhost\u00ed a stabilitou.<\/span><\/p><p  class=\"\"><span  style=\"font-weight: 300;\">Monolitickou kostru maj\u00ed v\u0161echny s\u00e9rie p\u0159evodovek vyjma s\u00e9rie Y.<\/span><\/p><\/div>   <div  data-type=\"column\" class=\"col-xs-12 col-sm-4 flexcol col-padding col-padding-small-xs bg-color5\"><img decoding=\"async\"  class=\"custom-image lazyloaded\" src=\"https:\/\/yreduktor.eu\/wp-content\/uploads\/2019\/01\/detail_1.png\" alt=\"\" title=\"detail p\u0159evodovky\" data-ll-status=\"loaded\" data-lazy-src=\"http:\/\/www.yreduktor.eu\/wp-content\/uploads\/2019\/05\/detail_1_347.png\">    <\/div><div  data-type=\"column\" class=\"col-xs-12 col-sm-4 flexcol bg-color-white col-padding col-padding-small-xs\"><h2  class=\"\">Absolutn\u00ed p\u0159esnost v\u00fdrobku<\/h2>    <p  class=\"\"><span  style=\"font-weight: 300;\">D\u00edky nejmodern\u011bj\u0161\u00edm CNC stroj\u016fm je zaji\u0161t\u011bn\u00e1 absolutn\u00ed p\u0159esnost jednotliv\u00fdch d\u00edl\u016f (p\u0159\u00edrub, lo\u017eisek apod.) a jejich povrch\u016f, a t\u00edm i celkov\u00e1 kvalita v\u00fdrobku.<\/span><\/p><\/div><div  data-type=\"column\" class=\"col-xs-12 col-sm-4 flexcol bg-color-white col-padding col-padding-small-xs\"><img decoding=\"async\"  class=\"custom-image lazyloaded\" src=\"https:\/\/yreduktor.eu\/wp-content\/uploads\/2019\/01\/8.png\" alt=\"\" title=\"vizualizace p\u0159evodovky Yilmaz Red\u00fckt\u00f6r\" data-ll-status=\"loaded\" data-lazy-src=\"http:\/\/www.yreduktor.eu\/wp-content\/uploads\/2019\/01\/8.png\">    <\/div><div  data-type=\"column\" class=\"col-xs-12 col-sm-4 flexcol col-padding col-padding-small-xs bg-color6\">   <h2  class=\"\">11 \n<br >produktov\u00fdch \u0159ad p\u0159evodovek<\/h2><p  class=\"\"><span  style=\"font-weight: 300;\">\u0160irok\u00e9 produktov\u00e9 portfolio zaru\u010duje, \u017ee si vyberete p\u0159evodovku vhodnou p\u0159\u00edmo pro Va\u0161i aplikaci.<\/span><\/p> <\/div><div  data-type=\"column\" class=\"col-xs-12 col-sm-4 flexcol col-padding col-padding-small-xs bg-color1\">   <h2  class=\"\"><span  style=\"color: rgb(255, 255, 255);\">Kr\u00e1tk\u00e9 dodac\u00ed term\u00edny<\/span><\/h2><p  class=\"\"><span  style=\"font-weight: 300; color: rgb(255, 255, 255);\">Kr\u00e1tk\u00e9 dodac\u00ed term\u00edny jsou zaru\u010deny t\u00edm, \u017ee ve\u0161ker\u00e1 produkce prob\u00edh\u00e1 na jednom m\u00edst\u011b.<\/span><\/p> <p  class=\"\"><span  style=\"font-weight: 300; color: rgb(255, 255, 255);\">Distributor p\u0159evodovek v \u010cR, firma D2Drives, nav\u00edc dr\u017e\u00ed velk\u00e9 skladov\u00e9 z\u00e1soby nejb\u011b\u017en\u011bj\u0161\u00edch sestav a m\u016f\u017ee je expedovat do druh\u00e9ho dne.<\/span><\/p><\/div><div  data-type=\"column\" class=\"col-xs-12 col-sm-4 flexcol bg-color-white col-padding col-padding-small-xs\">    <h2  class=\"\">Pln\u011b \n<br >kompatibiln\u00ed s ostatn\u00edmi produkty na trhu<\/h2><\/div><div  data-type=\"column\" class=\"col-xs-12 col-sm-4 flexcol col-padding col-padding-small-xs bg-color1\"><img decoding=\"async\"  class=\"custom-image lazyloaded\" src=\"https:\/\/yreduktor.eu\/wp-content\/uploads\/2019\/05\/yilmaz_back_347.jpg\" alt=\"\" title=\"yilmaz_back_347\" data-ll-status=\"loaded\" data-lazy-src=\"http:\/\/www.yreduktor.eu\/wp-content\/uploads\/2019\/05\/yilmaz_back_347.jpg\">    <\/div><div  data-type=\"column\" class=\"col-xs-12 col-sm-4 flexcol bg-color-white col-padding col-padding-small-xs\">   <h2  class=\"\">Spl\u0148uj\u00ed nejp\u0159\u00edsn\u011bj\u0161\u00ed standardy<\/h2><p  class=\"\"><span  style=\"font-weight: 300;\">\u2013 ISO 9001, ISO 281, ISO 6336:2006<\/span><br ><span  style=\"font-weight: 300;\">\n\u2013 DIN 743, DIN 3990<\/span><br ><span  style=\"font-weight: 300;\">\n\u2013 certifikace ATEX<\/span><\/p> <\/div><\/div><\/div> <\/div><div  data-label=\"Features\" data-id=\"features--3\" data-export-id=\"features-13\" data-category=\"features\" class=\"features-13 content-section content-section-spacing\" id=\"features-3\" style=\"background-color: rgb(255, 255, 255);\"><div  class=\"gridContainer\"> <div  class=\"row text-center\"><div  class=\"section-title-col\" data-type=\"column\"> <h2  class=\"\">Cel\u00e1 datab\u00e1ze v\u00fdrobk\u016f dostupn\u00e1 on-line<\/h2> <p  class=\"\"><span  style=\"font-weight: 300;\">D\u00edky unik\u00e1tn\u00ed on-line aplikaci GST jsou 2D a 3D v\u00fdkresy dostupn\u00e9 na p\u00e1r kliknut\u00ed a ve v\u0161ech pou\u017e\u00edvan\u00fdch form\u00e1tech (PDF, DWG, DXF, CGR, IGS aj.).<\/span><\/p><\/div> <\/div> <div  class=\"row spaced-cols\" data-type=\"row\"> <div  class=\"col col-sm-6 space-bottom col-md-4\">   <h4  class=\"\"><span  style=\"color: rgb(230, 35, 131);\">2D a 3D v\u00fdkresy na p\u00e1r kliknut\u00ed<\/span><\/h4><p  class=\"\"><span  style=\"font-weight: 300;\">Technick\u00e9 v\u00fdkresy a produktov\u00e9 listy s podrobn\u00fdmi specifikacemi jsou dostupn\u00e9 na p\u00e1r kliknut\u00ed.<\/span><\/p> <a data-cp-link=\"1\" href=\"http:\/\/www.yr.com.tr\/hizli-resim\" class=\"\" target=\"_self\" rel=\"noopener\"><img decoding=\"async\"  class=\"custom-image lazyloaded\" src=\"https:\/\/yreduktor.eu\/wp-content\/uploads\/2019\/01\/cropped-gst_aplikace_square-1.png\" alt=\"\" title=\"aplikace konfigurace p\u0159evodovek Yilmaz Red\u00fckt\u00f6r\" data-ll-status=\"loaded\" data-lazy-src=\"https:\/\/www.yreduktor.eu\/wp-content\/uploads\/2019\/01\/gst_aplikace_square.png\"><\/a><p  class=\"\"><span  style=\"font-weight: 300;\">V\u00fdkresy a modely v\u0161ech produkt\u016f jednotliv\u00fdch produktov\u00fdch \u0159ad p\u0159evodovek lze z\u00edskat ve stovk\u00e1ch r\u016fzn\u00fdch konfigurac\u00ed.<\/span><\/p><\/div> <div  class=\"col col-sm-6 space-bottom col-md-4\"> <a data-cp-link=\"1\" href=\"http:\/\/www.yr.com.tr\/reduktor-secim\" class=\"\" target=\"_self\" rel=\"noopener\"><img decoding=\"async\"  class=\"custom-image lazyloaded\" src=\"https:\/\/yreduktor.eu\/wp-content\/uploads\/2019\/03\/gst_kolaz_2.png\" alt=\"\" title=\"n\u00e1kres p\u0159evodovky\" data-ll-status=\"loaded\" data-lazy-src=\"https:\/\/www.yreduktor.eu\/wp-content\/uploads\/2019\/03\/gst_kolaz_2.png\"><\/a><h4  class=\"\"><span  style=\"color: rgb(230, 35, 131);\">GST aplikace<\/span><\/h4> <p  class=\"\"><span  style=\"font-weight: 300;\">Podrobn\u011b zpracovan\u00e1 on-line aplikace skv\u011ble poslou\u017e\u00ed n\u00e1kup\u010d\u00edm i technick\u00fdm pracovn\u00edk\u016fm a konstrukt\u00e9r\u016fm.<\/span><\/p> <\/div> <div  class=\"col col-sm-6 space-bottom col-md-4\">  <h4  class=\"\"><span  style=\"color: rgb(230, 35, 131);\">on-line konfigur\u00e1tor<\/span><\/h4><p  class=\"\"><span  style=\"font-weight: 300;\">On-line konfigur\u00e1tor umo\u017e\u0148uje podrobnou konfiguraci p\u0159evodovek. Pro v\u011bt\u0161\u00ed n\u00e1zornost a p\u0159ehlednost je ka\u017ed\u00fd postupn\u00fd krok dopln\u011bn o obrazovou vizualizaci dan\u00e9ho produktu.<\/span><\/p><a data-cp-link=\"1\" href=\"http:\/\/www.yr.com.tr\/uygulamalar\" class=\"\" target=\"_self\" rel=\"noopener\"><img decoding=\"async\"  class=\"custom-image lazyloaded\" src=\"https:\/\/yreduktor.eu\/wp-content\/uploads\/2019\/03\/konfigurator_kolaz.png\" alt=\"\" title=\"konfigur\u00e1tor p\u0159evodovek\" data-ll-status=\"loaded\" data-lazy-src=\"https:\/\/www.yreduktor.eu\/wp-content\/uploads\/2019\/03\/konfigurator_kolaz.png\"><\/a> <a class=\"button color1\" href=\"http:\/\/www.yr.com.tr\/uygulamalar\" target=\"_self\" data-cp-link=\"1\" data-icon=\"\" rel=\"noopener noreferrer\">ON-LINE KONFIGUR\u00c1TOR<\/a><\/div>  <\/div><\/div> <\/div><div  data-label=\"Cta\" data-id=\"cta--2\" data-export-id=\"cta-blue-section\" data-category=\"cta\" class=\"cta-blue-section content-section content-section-spacing-medium bg-color1 white-text\" id=\"cta-2\"><div  class=\"gridContainer\"> <div  class=\"row middle-xs\"><div  class=\"col-sm-8 space-bottom-xs\" data-type=\"column\"> <h2  class=\"\">Vyberte spr\u00e1vnou p\u0159evodovku. <span  style=\"font-weight: 300;\">Hned.<\/span><\/h2> <\/div> <div  class=\"col-sm-4 end-sm\" data-type=\"column\"> <a class=\"button color2\" href=\"http:\/\/www.yr.com.tr\/reduktor-secim\" target=\"_self\" data-cp-link=\"1\" data-icon=\"\" rel=\"noopener noreferrer\">APLIKACE GST<\/a><\/div> <\/div><\/div> <\/div>","protected":false},"excerpt":{"rendered":"<p>P\u0159evodovky Yilmaz Red\u00fckt\u00f6r z\u00e1kladn\u00ed vlastnosti\u2013 mo\u017enosti konfigurace \u2013 velikosti \u2013 okoln\u00ed prost\u0159ed\u00ed on-line konfigur\u00e1tor\u2013 konfigurace p\u0159evodovky jednodu\u0161e on-line \u2013 2D a 3D pl\u00e1ny dostupn\u00e9 on-line katalogy a produktov\u00e9 listy\u2013 katalogy a produktov\u00e9 listy na jednom m\u00edst\u011b Unik\u00e1tn\u00ed monolitick\u00e1 konstrukce Nov\u00e1 generace p\u0159evodovek Yilmaz Red\u00fckt\u00f6r d\u00edky sv\u00e9 monolitick\u00e9 konstrukci vynik\u00e1 absolutn\u00ed p\u0159esnost\u00ed, tuhost\u00ed a stabilitou.Monolitickou kostru&hellip; <br \/> <a class=\"read-more\" href=\"https:\/\/yreduktor.eu\/index.php\/yilmaz-reduktor\/prevodovky\/\">Read more<\/a><\/p>\n","protected":false},"author":1,"featured_media":0,"parent":34,"menu_order":3,"comment_status":"closed","ping_status":"closed","template":"pro\/page-templates\/page-with-small-header.php","meta":{"footnotes":""},"yoast_head":"<!-- This site is optimized with the Yoast SEO plugin v21.3 - https:\/\/yoast.com\/wordpress\/plugins\/seo\/ -->\n<title>P\u0159evodovky - Yilmaz Red\u00fckt\u00f6r<\/title>\n<meta name=\"description\" content=\"Nov\u00e1 generace p\u0159evodovek Yilmaz Red\u00fckt\u00f6r d\u00edky sv\u00e9 monolitick\u00e9 konstrukci vynik\u00e1 absolutn\u00ed p\u0159esnost\u00ed, tuhost\u00ed a stabilitou.\" \/>\n<meta name=\"robots\" content=\"index, follow, max-snippet:-1, max-image-preview:large, max-video-preview:-1\" \/>\n<link rel=\"canonical\" href=\"https:\/\/yreduktor.eu\/index.php\/yilmaz-reduktor\/prevodovky\/\" \/>\n<meta property=\"og:locale\" content=\"cs_CZ\" \/>\n<meta property=\"og:type\" content=\"article\" \/>\n<meta property=\"og:title\" content=\"P\u0159evodovky - Yilmaz Red\u00fckt\u00f6r\" \/>\n<meta property=\"og:description\" content=\"Nov\u00e1 generace p\u0159evodovek Yilmaz Red\u00fckt\u00f6r d\u00edky sv\u00e9 monolitick\u00e9 konstrukci vynik\u00e1 absolutn\u00ed p\u0159esnost\u00ed, tuhost\u00ed a stabilitou.\" \/>\n<meta property=\"og:url\" content=\"https:\/\/yreduktor.eu\/index.php\/yilmaz-reduktor\/prevodovky\/\" \/>\n<meta property=\"og:site_name\" content=\"Yilmaz Red\u00fckt\u00f6r\" \/>\n<meta property=\"article:modified_time\" content=\"2022-05-07T21:37:35+00:00\" \/>\n<meta property=\"og:image\" content=\"https:\/\/yreduktor.eu\/wp-content\/uploads\/2019\/03\/yilmaz_FB_cover-pic.jpg\" \/>\n\t<meta property=\"og:image:width\" content=\"1200\" \/>\n\t<meta property=\"og:image:height\" content=\"630\" \/>\n\t<meta property=\"og:image:type\" content=\"image\/jpeg\" \/>\n<meta name=\"twitter:card\" content=\"summary_large_image\" \/>\n<meta name=\"twitter:label1\" content=\"Odhadovan\u00e1 doba \u010dten\u00ed\" \/>\n\t<meta name=\"twitter:data1\" content=\"2 minuty\" \/>\n<script type=\"application\/ld+json\" class=\"yoast-schema-graph\">{\"@context\":\"https:\/\/schema.org\",\"@graph\":[{\"@type\":\"WebPage\",\"@id\":\"https:\/\/yreduktor.eu\/index.php\/yilmaz-reduktor\/prevodovky\/\",\"url\":\"https:\/\/yreduktor.eu\/index.php\/yilmaz-reduktor\/prevodovky\/\",\"name\":\"P\u0159evodovky - Yilmaz Red\u00fckt\u00f6r\",\"isPartOf\":{\"@id\":\"https:\/\/yreduktor.eu\/#website\"},\"datePublished\":\"2019-01-16T10:41:52+00:00\",\"dateModified\":\"2022-05-07T21:37:35+00:00\",\"description\":\"Nov\u00e1 generace p\u0159evodovek Yilmaz Red\u00fckt\u00f6r d\u00edky sv\u00e9 monolitick\u00e9 konstrukci vynik\u00e1 absolutn\u00ed p\u0159esnost\u00ed, tuhost\u00ed a stabilitou.\",\"breadcrumb\":{\"@id\":\"https:\/\/yreduktor.eu\/index.php\/yilmaz-reduktor\/prevodovky\/#breadcrumb\"},\"inLanguage\":\"cs\",\"potentialAction\":[{\"@type\":\"ReadAction\",\"target\":[\"https:\/\/yreduktor.eu\/index.php\/yilmaz-reduktor\/prevodovky\/\"]}]},{\"@type\":\"BreadcrumbList\",\"@id\":\"https:\/\/yreduktor.eu\/index.php\/yilmaz-reduktor\/prevodovky\/#breadcrumb\",\"itemListElement\":[{\"@type\":\"ListItem\",\"position\":1,\"name\":\"Dom\u016f\",\"item\":\"https:\/\/yreduktor.eu\/\"},{\"@type\":\"ListItem\",\"position\":2,\"name\":\"Yilmaz Red\u00fckt\u00f6r\",\"item\":\"https:\/\/yreduktor.eu\/\"},{\"@type\":\"ListItem\",\"position\":3,\"name\":\"P\u0159evodovky\"}]},{\"@type\":\"WebSite\",\"@id\":\"https:\/\/yreduktor.eu\/#website\",\"url\":\"https:\/\/yreduktor.eu\/\",\"name\":\"Yilmaz Red\u00fckt\u00f6r\",\"description\":\"P\u0159evodovky Yilmaz v \u010cR.\",\"potentialAction\":[{\"@type\":\"SearchAction\",\"target\":{\"@type\":\"EntryPoint\",\"urlTemplate\":\"https:\/\/yreduktor.eu\/?s={search_term_string}\"},\"query-input\":\"required name=search_term_string\"}],\"inLanguage\":\"cs\"}]}<\/script>\n<!-- \/ Yoast SEO plugin. -->","yoast_head_json":{"title":"P\u0159evodovky - Yilmaz Red\u00fckt\u00f6r","description":"Nov\u00e1 generace p\u0159evodovek Yilmaz Red\u00fckt\u00f6r d\u00edky sv\u00e9 monolitick\u00e9 konstrukci vynik\u00e1 absolutn\u00ed p\u0159esnost\u00ed, tuhost\u00ed a stabilitou.","robots":{"index":"index","follow":"follow","max-snippet":"max-snippet:-1","max-image-preview":"max-image-preview:large","max-video-preview":"max-video-preview:-1"},"canonical":"https:\/\/yreduktor.eu\/index.php\/yilmaz-reduktor\/prevodovky\/","og_locale":"cs_CZ","og_type":"article","og_title":"P\u0159evodovky - Yilmaz Red\u00fckt\u00f6r","og_description":"Nov\u00e1 generace p\u0159evodovek Yilmaz Red\u00fckt\u00f6r d\u00edky sv\u00e9 monolitick\u00e9 konstrukci vynik\u00e1 absolutn\u00ed p\u0159esnost\u00ed, tuhost\u00ed a stabilitou.","og_url":"https:\/\/yreduktor.eu\/index.php\/yilmaz-reduktor\/prevodovky\/","og_site_name":"Yilmaz Red\u00fckt\u00f6r","article_modified_time":"2022-05-07T21:37:35+00:00","og_image":[{"width":1200,"height":630,"url":"https:\/\/yreduktor.eu\/wp-content\/uploads\/2019\/03\/yilmaz_FB_cover-pic.jpg","type":"image\/jpeg"}],"twitter_card":"summary_large_image","twitter_misc":{"Odhadovan\u00e1 doba \u010dten\u00ed":"2 minuty"},"schema":{"@context":"https:\/\/schema.org","@graph":[{"@type":"WebPage","@id":"https:\/\/yreduktor.eu\/index.php\/yilmaz-reduktor\/prevodovky\/","url":"https:\/\/yreduktor.eu\/index.php\/yilmaz-reduktor\/prevodovky\/","name":"P\u0159evodovky - Yilmaz Red\u00fckt\u00f6r","isPartOf":{"@id":"https:\/\/yreduktor.eu\/#website"},"datePublished":"2019-01-16T10:41:52+00:00","dateModified":"2022-05-07T21:37:35+00:00","description":"Nov\u00e1 generace p\u0159evodovek Yilmaz Red\u00fckt\u00f6r d\u00edky sv\u00e9 monolitick\u00e9 konstrukci vynik\u00e1 absolutn\u00ed p\u0159esnost\u00ed, tuhost\u00ed a stabilitou.","breadcrumb":{"@id":"https:\/\/yreduktor.eu\/index.php\/yilmaz-reduktor\/prevodovky\/#breadcrumb"},"inLanguage":"cs","potentialAction":[{"@type":"ReadAction","target":["https:\/\/yreduktor.eu\/index.php\/yilmaz-reduktor\/prevodovky\/"]}]},{"@type":"BreadcrumbList","@id":"https:\/\/yreduktor.eu\/index.php\/yilmaz-reduktor\/prevodovky\/#breadcrumb","itemListElement":[{"@type":"ListItem","position":1,"name":"Dom\u016f","item":"https:\/\/yreduktor.eu\/"},{"@type":"ListItem","position":2,"name":"Yilmaz Red\u00fckt\u00f6r","item":"https:\/\/yreduktor.eu\/"},{"@type":"ListItem","position":3,"name":"P\u0159evodovky"}]},{"@type":"WebSite","@id":"https:\/\/yreduktor.eu\/#website","url":"https:\/\/yreduktor.eu\/","name":"Yilmaz Red\u00fckt\u00f6r","description":"P\u0159evodovky Yilmaz v \u010cR.","potentialAction":[{"@type":"SearchAction","target":{"@type":"EntryPoint","urlTemplate":"https:\/\/yreduktor.eu\/?s={search_term_string}"},"query-input":"required name=search_term_string"}],"inLanguage":"cs"}]}},"lang":"cs","translations":{"cs":220,"pl":1177,"en":1254},"jetpack_sharing_enabled":true,"pll_sync_post":[],"_links":{"self":[{"href":"https:\/\/yreduktor.eu\/index.php\/wp-json\/wp\/v2\/pages\/220"}],"collection":[{"href":"https:\/\/yreduktor.eu\/index.php\/wp-json\/wp\/v2\/pages"}],"about":[{"href":"https:\/\/yreduktor.eu\/index.php\/wp-json\/wp\/v2\/types\/page"}],"author":[{"embeddable":true,"href":"https:\/\/yreduktor.eu\/index.php\/wp-json\/wp\/v2\/users\/1"}],"replies":[{"embeddable":true,"href":"https:\/\/yreduktor.eu\/index.php\/wp-json\/wp\/v2\/comments?post=220"}],"version-history":[{"count":60,"href":"https:\/\/yreduktor.eu\/index.php\/wp-json\/wp\/v2\/pages\/220\/revisions"}],"predecessor-version":[{"id":1518,"href":"https:\/\/yreduktor.eu\/index.php\/wp-json\/wp\/v2\/pages\/220\/revisions\/1518"}],"up":[{"embeddable":true,"href":"https:\/\/yreduktor.eu\/index.php\/wp-json\/wp\/v2\/pages\/34"}],"wp:attachment":[{"href":"https:\/\/yreduktor.eu\/index.php\/wp-json\/wp\/v2\/media?parent=220"}],"curies":[{"name":"wp","href":"https:\/\/api.w.org\/{rel}","templated":true}]}}