{"id":765,"date":"2019-02-20T13:51:42","date_gmt":"2019-02-20T12:51:42","guid":{"rendered":"https:\/\/www.yreduktor.eu\/?page_id=765"},"modified":"2019-05-22T08:47:58","modified_gmt":"2019-05-22T06:47:58","slug":"prohlaseni-o-pouziti-cookies","status":"publish","type":"page","link":"https:\/\/yreduktor.eu\/index.php\/prohlaseni-o-pouziti-cookies\/","title":{"rendered":"Prohl\u00e1\u0161en\u00ed o pou\u017eit\u00ed cookies"},"content":{"rendered":"<div data-bg=\"url(&quot;http:\/\/www.yreduktor.eu\/wp-content\/uploads\/2019\/02\/yilmaz_hala_small.jpg&quot;)\"  data-label=\"Content\" data-id=\"content--1\" data-export-id=\"content-12\" data-category=\"content\" class=\"content-12 content-section content-section-spacing rocket-lazyload\" id=\"content-1\" style=\"background-color: rgb(255, 255, 255); background-size: cover; background-position: center top; background-image: url(&quot;http:\/\/www.yreduktor.eu\/wp-content\/uploads\/2019\/02\/yilmaz_hala_small.jpg&quot;);\" data-section-ov=\"1\" data-was-processed=\"true\"><div  class=\"gridContainer\"> <div  class=\"row text-center\"><div  class=\"section-title-col\" data-type=\"column\"> <h2  class=\"\">Prohl\u00e1\u0161en\u00ed o pou\u017eit\u00ed cookies<\/h2> <\/div> <\/div> <div  class=\"row center-xs middle-xs\"> <div  class=\"col-sm-9\" data-type=\"column\"><p  class=\"\" style=\"text-align: left;\"><span  style=\"font-weight: 300;\">Webov\u00e9 str\u00e1nky www.yilmaz.cz ukl\u00e1daj\u00ed v souladu se z\u00e1kony na va\u0161e za\u0159\u00edzen\u00ed soubory, obecn\u011b naz\u00fdvan\u00e9 cookies.<\/span><br ><span  style=\"font-weight: 300;\">\nV souladu s ustanoven\u00edm \u00a7 89 z\u00e1kona \u010d. 127\/2005 Sb., o elektronick\u00fdch komunikac\u00edch, V\u00e1s t\u00edmto informujeme, \u017ee na\u0161e servery vyu\u017e\u00edvaj\u00ed pro svoji \u010dinnost tzv. cookies.<\/span><br ><span  style=\"font-weight: 300;\">\nCookie je kr\u00e1tk\u00fd textov\u00fd soubor, kter\u00fd nav\u0161t\u00edven\u00e1 webov\u00e1 str\u00e1nka ode\u0161le do prohl\u00ed\u017ee\u010de. Umo\u017e\u0148uje webu zaznamenat informace o Va\u0161\u00ed n\u00e1v\u0161t\u011bv\u011b (nap\u0159. preferovan\u00fd jazyk a dal\u0161\u00ed nastaven\u00ed).<\/span><br ><span  style=\"font-weight: 300;\">\n\n<br ><span  style=\"font-weight: 400;\">Jak\u00e9 cookies pou\u017e\u00edv\u00e1me?<\/span><\/span><br ><span  style=\"font-weight: 300;\">\nPou\u017e\u00edv\u00e1me cookies t\u0159et\u00edch stran, konkr\u00e9tn\u011b Google Analytics pro anal\u00fdzu n\u00e1v\u0161t\u011bvnosti. O podm\u00ednk\u00e1ch u\u017eit\u00ed Google Analytics se m\u016f\u017eete do\u010d\u00edst <a  data-mce-href=\"https:\/\/developers.google.com\/analytics\/devguides\/collection\/analyticsjs\/cookie-usage\" href=\"https:\/\/developers.google.com\/analytics\/devguides\/collection\/analyticsjs\/cookie-usage\" target=\"_self\" data-mce-selected=\"inline-boundary\" data-cp-link=\"1\" rel=\"noopener noreferrer\" class=\"\">zde<\/a>.<\/span><br ><span  style=\"font-weight: 300;\">\nP\u0159i ka\u017ed\u00e9 n\u00e1v\u0161t\u011bv\u011b na\u0161ich str\u00e1nek si analytick\u00fd software ukl\u00e1d\u00e1 anonymn\u00ed cookies. Ty pom\u00e1haj\u00ed zji\u0161\u0165ovat, kolik u\u017eivatel\u016f chod\u00ed na na\u0161e str\u00e1nky opakovan\u011b. Podrobnosti o tomto n\u00e1stroji naleznete <a  data-mce-href=\"https:\/\/marketingplatform.google.com\/about\" href=\"https:\/\/marketingplatform.google.com\/about\" target=\"_self\" data-mce-selected=\"inline-boundary\" data-cp-link=\"1\" rel=\"noopener noreferrer\" class=\"\">zde<\/a>.\n<\/span><br ><span  style=\"font-weight: 400;\">\nNastaven\u00ed spr\u00e1vy cookies v prohl\u00ed\u017ee\u010d\u00edch<\/span><br ><span  style=\"font-weight: 300;\">\nStandardn\u00ed webov\u00e9 prohl\u00ed\u017ee\u010de (Internet Explorer, Mozilla Firefox, Google Chrome apod.) podporuj\u00ed spr\u00e1vu cookies. V r\u00e1mci nastaven\u00ed prohl\u00ed\u017ee\u010d\u016f m\u016f\u017eete jednotliv\u00e9 cookie ru\u010dn\u011b spravovat.<\/span><br ><span  style=\"font-weight: 300;\">\nMo\u017enosti nastaven\u00ed spr\u00e1vy cookies v r\u00e1mci hlavn\u00edch prohl\u00ed\u017ee\u010d\u016f naleznete zde:\n<\/span><br ><a  data-mce-href=\"https:\/\/support.google.com\/chrome\/answer\/95647?co=GENIE.Platform%253DDesktop&amp;hl=cs\" href=\"https:\/\/support.google.com\/chrome\/answer\/95647?co=GENIE.Platform%253DDesktop&amp;hl=cs\" target=\"_self\" data-mce-selected=\"inline-boundary\" data-cp-link=\"1\" rel=\"noopener noreferrer\" class=\"\"><span  style=\"font-weight: 300;\">\nChrome<\/span><\/a><br ><a  data-mce-href=\"https:\/\/privacy.microsoft.com\/cs-cz\/windows-10-microsoft-edge-and-privacy\" href=\"https:\/\/privacy.microsoft.com\/cs-cz\/windows-10-microsoft-edge-and-privacy\" target=\"_self\" data-mce-selected=\"inline-boundary\" data-cp-link=\"1\" rel=\"noopener noreferrer\" class=\"\"><span  style=\"font-weight: 300;\">\nEdge<\/span><\/a><br ><span  style=\"font-weight: 300;\"><a  data-mce-href=\"https:\/\/www.mozilla.org\/cs\/privacy\" href=\"https:\/\/www.mozilla.org\/cs\/privacy\" target=\"_self\" data-mce-selected=\"inline-boundary\" data-cp-link=\"1\" rel=\"noopener noreferrer\" class=\"\">\nFirefox\n<\/a><\/span><br ><span  style=\"font-weight: 300;\">\nDal\u0161\u00ed informace m\u016f\u017eete naj\u00edt <a  data-mce-href=\"https:\/\/policies.google.com\/technologies\/cookies?hl=cs\" href=\"https:\/\/policies.google.com\/technologies\/cookies?hl=cs\" target=\"_self\" data-mce-selected=\"inline-boundary\" data-cp-link=\"1\" rel=\"noopener noreferrer\" class=\"\">tady<\/a>.<\/span><\/p> <h2  class=\"\">Cookies Policy<\/h2><p  class=\"\" style=\"text-align: left;\"><span  style=\"font-weight: 300;\">The www.yilmaz.cz website stores files, generally known as cookies, in accordance with the law on your device.<\/span><br ><span  style=\"font-weight: 300;\">\nIn accordance with the provisions of \u00a7 89 of Act No. 127\/2005 Coll., on electronic communications, we hereby inform you that our servers use so-called cookies for their activities.<\/span><br ><span  style=\"font-weight: 300;\">\nA cookie is a short text file that the visited web page sends to a browser. It allows us to record your visit information (e.g., preferred language and other settings).<\/span><br ><span  style=\"font-weight: 300;\">\n\n<br ><span  style=\"font-weight: 400;\">What cookies do we use?<\/span><\/span><br ><span  style=\"font-weight: 300;\">\nWe use third-party cookies, specifically Google Analytics for traffic analysis. You can read about the terms of use of Google Analytics <a  data-mce-href=\"https:\/\/developers.google.com\/analytics\/devguides\/collection\/analyticsjs\/cookie-usage\" href=\"https:\/\/developers.google.com\/analytics\/devguides\/collection\/analyticsjs\/cookie-usage\" target=\"_self\" data-mce-selected=\"inline-boundary\" data-cp-link=\"1\" rel=\"noopener noreferrer\" class=\"\">here<\/a>.<\/span><br ><span  style=\"font-weight: 300;\">\nEvery time you visit our site, the analytics software saves anonymous cookies. Cookies help us track how many users are visiting our site repeatedly. You can find details about this tool <a  data-mce-href=\"https:\/\/marketingplatform.google.com\/about\" href=\"https:\/\/marketingplatform.google.com\/about\" target=\"_self\" data-mce-selected=\"inline-boundary\" data-cp-link=\"1\" rel=\"noopener noreferrer\" class=\"\">here<\/a>.<\/span><br ><span  style=\"font-weight: 300;\">\n\n<br ><span  style=\"font-weight: 400;\">How to set cookies in your browser?<\/span><\/span><br ><span  style=\"font-weight: 300;\">\nStandard web browsers (Internet Explorer, Mozilla Firefox, Google Chrome, etc.) support cookie management. You can manually manage individual cookies within browser settings.<\/span><br ><span  style=\"font-weight: 300;\">\nHere are the options for setting cookies within the main browsers:<\/span><br ><a  data-mce-href=\"https:\/\/privacy.microsoft.com\/cs-cz\/windows-10-microsoft-edge-and-privacy\" href=\"https:\/\/privacy.microsoft.com\/cs-cz\/windows-10-microsoft-edge-and-privacy\" target=\"_self\" data-mce-selected=\"inline-boundary\" data-cp-link=\"1\" rel=\"noopener noreferrer\" class=\"\"><span  style=\"font-weight: 300;\">\nChrome<\/span><\/a><br ><a  data-mce-href=\"https:\/\/privacy.microsoft.com\/cs-cz\/windows-10-microsoft-edge-and-privacy\" href=\"https:\/\/privacy.microsoft.com\/cs-cz\/windows-10-microsoft-edge-and-privacy\" target=\"_self\" data-mce-selected=\"inline-boundary\" data-cp-link=\"1\" rel=\"noopener noreferrer\" class=\"\"><span  style=\"font-weight: 300;\">\nEdge\ufeff<\/span><\/a><br ><span  style=\"font-weight: 300;\"><a  data-mce-href=\"https:\/\/www.mozilla.org\/cs\/privacy\" href=\"https:\/\/www.mozilla.org\/cs\/privacy\" target=\"_self\" data-mce-selected=\"inline-boundary\" data-cp-link=\"1\" rel=\"noopener noreferrer\" class=\"\">\nFirefox\n<\/a><\/span><br ><span  style=\"font-weight: 300;\">\nMore information you can find also <a  data-mce-href=\"https:\/\/www.mozilla.org\/cs\/privacy\" href=\"https:\/\/www.mozilla.org\/cs\/privacy\" target=\"_self\" data-mce-selected=\"inline-boundary\" data-cp-link=\"1\" rel=\"noopener noreferrer\" class=\"\">here<\/a>.<\/span><\/p><\/div> <\/div><\/div> <\/div>","protected":false},"excerpt":{"rendered":"<p>Prohl\u00e1\u0161en\u00ed o pou\u017eit\u00ed cookies Webov\u00e9 str\u00e1nky www.yilmaz.cz ukl\u00e1daj\u00ed v souladu se z\u00e1kony na va\u0161e za\u0159\u00edzen\u00ed soubory, obecn\u011b naz\u00fdvan\u00e9 cookies. V souladu s ustanoven\u00edm \u00a7 89 z\u00e1kona \u010d. 127\/2005 Sb., o elektronick\u00fdch komunikac\u00edch, V\u00e1s t\u00edmto informujeme, \u017ee na\u0161e servery vyu\u017e\u00edvaj\u00ed pro svoji \u010dinnost tzv. cookies. Cookie je kr\u00e1tk\u00fd textov\u00fd soubor, kter\u00fd nav\u0161t\u00edven\u00e1 webov\u00e1 str\u00e1nka ode\u0161le do&hellip; <br \/> <a class=\"read-more\" href=\"https:\/\/yreduktor.eu\/index.php\/prohlaseni-o-pouziti-cookies\/\">Read more<\/a><\/p>\n","protected":false},"author":1,"featured_media":0,"parent":0,"menu_order":5,"comment_status":"closed","ping_status":"closed","template":"pro\/page-templates\/page-with-small-header.php","meta":{"footnotes":""},"yoast_head":"<!-- This site is optimized with the Yoast SEO plugin v21.3 - https:\/\/yoast.com\/wordpress\/plugins\/seo\/ -->\n<title>Prohl\u00e1\u0161en\u00ed o pou\u017eit\u00ed cookies - Yilmaz Red\u00fckt\u00f6r<\/title>\n<meta name=\"description\" content=\"Webov\u00e9 str\u00e1nky www.d2g.cz ukl\u00e1daj\u00ed v souladu se z\u00e1kony na va\u0161e za\u0159\u00edzen\u00ed soubory, obecn\u011b naz\u00fdvan\u00e9 cookies.V souladu s ustanoven\u00edm \u00a7 89 z\u00e1kona \u010d. 127\/2005 Sb., o elektronick\u00fdch komunikac\u00edch, V\u00e1s t\u00edmto informujeme, \u017ee na\u0161e servery vyu\u017e\u00edvaj\u00ed pro svoji \u010dinnost tzv. cookies.\" \/>\n<meta name=\"robots\" content=\"index, follow, max-snippet:-1, max-image-preview:large, max-video-preview:-1\" \/>\n<link rel=\"canonical\" href=\"https:\/\/yreduktor.eu\/index.php\/prohlaseni-o-pouziti-cookies\/\" \/>\n<meta property=\"og:locale\" content=\"cs_CZ\" \/>\n<meta property=\"og:type\" content=\"article\" \/>\n<meta property=\"og:title\" content=\"Prohl\u00e1\u0161en\u00ed o pou\u017eit\u00ed cookies - Yilmaz Red\u00fckt\u00f6r\" \/>\n<meta property=\"og:description\" content=\"Webov\u00e9 str\u00e1nky www.d2g.cz ukl\u00e1daj\u00ed v souladu se z\u00e1kony na va\u0161e za\u0159\u00edzen\u00ed soubory, obecn\u011b naz\u00fdvan\u00e9 cookies.V souladu s ustanoven\u00edm \u00a7 89 z\u00e1kona \u010d. 127\/2005 Sb., o elektronick\u00fdch komunikac\u00edch, V\u00e1s t\u00edmto informujeme, \u017ee na\u0161e servery vyu\u017e\u00edvaj\u00ed pro svoji \u010dinnost tzv. cookies.\" \/>\n<meta property=\"og:url\" content=\"https:\/\/yreduktor.eu\/index.php\/prohlaseni-o-pouziti-cookies\/\" \/>\n<meta property=\"og:site_name\" content=\"Yilmaz Red\u00fckt\u00f6r\" \/>\n<meta property=\"article:modified_time\" content=\"2019-05-22T06:47:58+00:00\" \/>\n<meta property=\"og:image\" content=\"https:\/\/yreduktor.eu\/wp-content\/uploads\/2019\/03\/yilmaz_FB_cover-pic.jpg\" \/>\n\t<meta property=\"og:image:width\" content=\"1200\" \/>\n\t<meta property=\"og:image:height\" content=\"630\" \/>\n\t<meta property=\"og:image:type\" content=\"image\/jpeg\" \/>\n<meta name=\"twitter:card\" content=\"summary_large_image\" \/>\n<meta name=\"twitter:label1\" content=\"Odhadovan\u00e1 doba \u010dten\u00ed\" \/>\n\t<meta name=\"twitter:data1\" content=\"2 minuty\" \/>\n<script type=\"application\/ld+json\" class=\"yoast-schema-graph\">{\"@context\":\"https:\/\/schema.org\",\"@graph\":[{\"@type\":\"WebPage\",\"@id\":\"https:\/\/yreduktor.eu\/index.php\/prohlaseni-o-pouziti-cookies\/\",\"url\":\"https:\/\/yreduktor.eu\/index.php\/prohlaseni-o-pouziti-cookies\/\",\"name\":\"Prohl\u00e1\u0161en\u00ed o pou\u017eit\u00ed cookies - Yilmaz Red\u00fckt\u00f6r\",\"isPartOf\":{\"@id\":\"https:\/\/yreduktor.eu\/#website\"},\"datePublished\":\"2019-02-20T12:51:42+00:00\",\"dateModified\":\"2019-05-22T06:47:58+00:00\",\"description\":\"Webov\u00e9 str\u00e1nky www.d2g.cz ukl\u00e1daj\u00ed v souladu se z\u00e1kony na va\u0161e za\u0159\u00edzen\u00ed soubory, obecn\u011b naz\u00fdvan\u00e9 cookies.V souladu s ustanoven\u00edm \u00a7 89 z\u00e1kona \u010d. 127\/2005 Sb., o elektronick\u00fdch komunikac\u00edch, V\u00e1s t\u00edmto informujeme, \u017ee na\u0161e servery vyu\u017e\u00edvaj\u00ed pro svoji \u010dinnost tzv. cookies.\",\"breadcrumb\":{\"@id\":\"https:\/\/yreduktor.eu\/index.php\/prohlaseni-o-pouziti-cookies\/#breadcrumb\"},\"inLanguage\":\"cs\",\"potentialAction\":[{\"@type\":\"ReadAction\",\"target\":[\"https:\/\/yreduktor.eu\/index.php\/prohlaseni-o-pouziti-cookies\/\"]}]},{\"@type\":\"BreadcrumbList\",\"@id\":\"https:\/\/yreduktor.eu\/index.php\/prohlaseni-o-pouziti-cookies\/#breadcrumb\",\"itemListElement\":[{\"@type\":\"ListItem\",\"position\":1,\"name\":\"Dom\u016f\",\"item\":\"https:\/\/yreduktor.eu\/\"},{\"@type\":\"ListItem\",\"position\":2,\"name\":\"Prohl\u00e1\u0161en\u00ed o pou\u017eit\u00ed cookies\"}]},{\"@type\":\"WebSite\",\"@id\":\"https:\/\/yreduktor.eu\/#website\",\"url\":\"https:\/\/yreduktor.eu\/\",\"name\":\"Yilmaz Red\u00fckt\u00f6r\",\"description\":\"P\u0159evodovky Yilmaz v \u010cR.\",\"potentialAction\":[{\"@type\":\"SearchAction\",\"target\":{\"@type\":\"EntryPoint\",\"urlTemplate\":\"https:\/\/yreduktor.eu\/?s={search_term_string}\"},\"query-input\":\"required name=search_term_string\"}],\"inLanguage\":\"cs\"}]}<\/script>\n<!-- \/ Yoast SEO plugin. -->","yoast_head_json":{"title":"Prohl\u00e1\u0161en\u00ed o pou\u017eit\u00ed cookies - Yilmaz Red\u00fckt\u00f6r","description":"Webov\u00e9 str\u00e1nky www.d2g.cz ukl\u00e1daj\u00ed v souladu se z\u00e1kony na va\u0161e za\u0159\u00edzen\u00ed soubory, obecn\u011b naz\u00fdvan\u00e9 cookies.V souladu s ustanoven\u00edm \u00a7 89 z\u00e1kona \u010d. 127\/2005 Sb., o elektronick\u00fdch komunikac\u00edch, V\u00e1s t\u00edmto informujeme, \u017ee na\u0161e servery vyu\u017e\u00edvaj\u00ed pro svoji \u010dinnost tzv. cookies.","robots":{"index":"index","follow":"follow","max-snippet":"max-snippet:-1","max-image-preview":"max-image-preview:large","max-video-preview":"max-video-preview:-1"},"canonical":"https:\/\/yreduktor.eu\/index.php\/prohlaseni-o-pouziti-cookies\/","og_locale":"cs_CZ","og_type":"article","og_title":"Prohl\u00e1\u0161en\u00ed o pou\u017eit\u00ed cookies - Yilmaz Red\u00fckt\u00f6r","og_description":"Webov\u00e9 str\u00e1nky www.d2g.cz ukl\u00e1daj\u00ed v souladu se z\u00e1kony na va\u0161e za\u0159\u00edzen\u00ed soubory, obecn\u011b naz\u00fdvan\u00e9 cookies.V souladu s ustanoven\u00edm \u00a7 89 z\u00e1kona \u010d. 127\/2005 Sb., o elektronick\u00fdch komunikac\u00edch, V\u00e1s t\u00edmto informujeme, \u017ee na\u0161e servery vyu\u017e\u00edvaj\u00ed pro svoji \u010dinnost tzv. cookies.","og_url":"https:\/\/yreduktor.eu\/index.php\/prohlaseni-o-pouziti-cookies\/","og_site_name":"Yilmaz Red\u00fckt\u00f6r","article_modified_time":"2019-05-22T06:47:58+00:00","og_image":[{"width":1200,"height":630,"url":"https:\/\/yreduktor.eu\/wp-content\/uploads\/2019\/03\/yilmaz_FB_cover-pic.jpg","type":"image\/jpeg"}],"twitter_card":"summary_large_image","twitter_misc":{"Odhadovan\u00e1 doba \u010dten\u00ed":"2 minuty"},"schema":{"@context":"https:\/\/schema.org","@graph":[{"@type":"WebPage","@id":"https:\/\/yreduktor.eu\/index.php\/prohlaseni-o-pouziti-cookies\/","url":"https:\/\/yreduktor.eu\/index.php\/prohlaseni-o-pouziti-cookies\/","name":"Prohl\u00e1\u0161en\u00ed o pou\u017eit\u00ed cookies - Yilmaz Red\u00fckt\u00f6r","isPartOf":{"@id":"https:\/\/yreduktor.eu\/#website"},"datePublished":"2019-02-20T12:51:42+00:00","dateModified":"2019-05-22T06:47:58+00:00","description":"Webov\u00e9 str\u00e1nky www.d2g.cz ukl\u00e1daj\u00ed v souladu se z\u00e1kony na va\u0161e za\u0159\u00edzen\u00ed soubory, obecn\u011b naz\u00fdvan\u00e9 cookies.V souladu s ustanoven\u00edm \u00a7 89 z\u00e1kona \u010d. 127\/2005 Sb., o elektronick\u00fdch komunikac\u00edch, V\u00e1s t\u00edmto informujeme, \u017ee na\u0161e servery vyu\u017e\u00edvaj\u00ed pro svoji \u010dinnost tzv. cookies.","breadcrumb":{"@id":"https:\/\/yreduktor.eu\/index.php\/prohlaseni-o-pouziti-cookies\/#breadcrumb"},"inLanguage":"cs","potentialAction":[{"@type":"ReadAction","target":["https:\/\/yreduktor.eu\/index.php\/prohlaseni-o-pouziti-cookies\/"]}]},{"@type":"BreadcrumbList","@id":"https:\/\/yreduktor.eu\/index.php\/prohlaseni-o-pouziti-cookies\/#breadcrumb","itemListElement":[{"@type":"ListItem","position":1,"name":"Dom\u016f","item":"https:\/\/yreduktor.eu\/"},{"@type":"ListItem","position":2,"name":"Prohl\u00e1\u0161en\u00ed o pou\u017eit\u00ed cookies"}]},{"@type":"WebSite","@id":"https:\/\/yreduktor.eu\/#website","url":"https:\/\/yreduktor.eu\/","name":"Yilmaz Red\u00fckt\u00f6r","description":"P\u0159evodovky Yilmaz v \u010cR.","potentialAction":[{"@type":"SearchAction","target":{"@type":"EntryPoint","urlTemplate":"https:\/\/yreduktor.eu\/?s={search_term_string}"},"query-input":"required name=search_term_string"}],"inLanguage":"cs"}]}},"lang":"cs","translations":{"cs":765},"jetpack_sharing_enabled":true,"pll_sync_post":[],"_links":{"self":[{"href":"https:\/\/yreduktor.eu\/index.php\/wp-json\/wp\/v2\/pages\/765"}],"collection":[{"href":"https:\/\/yreduktor.eu\/index.php\/wp-json\/wp\/v2\/pages"}],"about":[{"href":"https:\/\/yreduktor.eu\/index.php\/wp-json\/wp\/v2\/types\/page"}],"author":[{"embeddable":true,"href":"https:\/\/yreduktor.eu\/index.php\/wp-json\/wp\/v2\/users\/1"}],"replies":[{"embeddable":true,"href":"https:\/\/yreduktor.eu\/index.php\/wp-json\/wp\/v2\/comments?post=765"}],"version-history":[{"count":5,"href":"https:\/\/yreduktor.eu\/index.php\/wp-json\/wp\/v2\/pages\/765\/revisions"}],"predecessor-version":[{"id":1160,"href":"https:\/\/yreduktor.eu\/index.php\/wp-json\/wp\/v2\/pages\/765\/revisions\/1160"}],"wp:attachment":[{"href":"https:\/\/yreduktor.eu\/index.php\/wp-json\/wp\/v2\/media?parent=765"}],"curies":[{"name":"wp","href":"https:\/\/api.w.org\/{rel}","templated":true}]}}